{"id":990,"date":"2021-07-26T18:03:08","date_gmt":"2021-07-26T18:03:08","guid":{"rendered":"https:\/\/www.aohagainsttrafficking.ca\/?page_id=990"},"modified":"2023-06-08T00:02:17","modified_gmt":"2023-06-08T00:02:17","slug":"referral-process","status":"publish","type":"page","link":"https:\/\/www.aohagainsttrafficking.ca\/fr\/referral-process\/","title":{"rendered":"Processus d\u2019aiguillage"},"content":{"rendered":"<p><div class=\"fusion-fullwidth fullwidth-box fusion-builder-row-1 fusion-flex-container has-pattern-background has-mask-background fusion-parallax-none nonhundred-percent-fullwidth non-hundred-percent-height-scrolling\" style=\"--awb-background-position:center top;--awb-border-radius-top-left:0px;--awb-border-radius-top-right:0px;--awb-border-radius-bottom-right:0px;--awb-border-radius-bottom-left:0px;--awb-margin-top:160px;--awb-min-height:560px;--awb-background-color:var(--awb-custom13);--awb-background-image:url(&quot;https:\/\/www.aohagainsttrafficking.ca\/wp-content\/uploads\/2023\/04\/image1-4.jpeg&quot;);--awb-background-size:cover;--awb-flex-wrap:wrap;\" ><div class=\"fusion-builder-row fusion-row fusion-flex-align-items-flex-start fusion-flex-content-wrap\" style=\"max-width:1216.8px;margin-left: calc(-4% \/ 2 );margin-right: calc(-4% \/ 2 );\"><\/div><\/div><div class=\"fusion-fullwidth fullwidth-box fusion-builder-row-2 fusion-flex-container nonhundred-percent-fullwidth non-hundred-percent-height-scrolling\" style=\"--awb-border-radius-top-left:0px;--awb-border-radius-top-right:0px;--awb-border-radius-bottom-right:0px;--awb-border-radius-bottom-left:0px;--awb-padding-top:40px;--awb-padding-right:45px;--awb-padding-bottom:0px;--awb-padding-left:45px;--awb-margin-top:0px;--awb-margin-bottom:0px;--awb-background-color:rgb(221 113 107);--awb-flex-wrap:wrap;\" ><div class=\"fusion-builder-row fusion-row fusion-flex-align-items-center fusion-flex-content-wrap\" style=\"max-width:1216.8px;margin-left: calc(-4% \/ 2 );margin-right: calc(-4% \/ 2 );\"><div class=\"fusion-layout-column fusion_builder_column fusion-builder-column-0 fusion_builder_column_1_1 1_1 fusion-flex-column\" style=\"--awb-bg-size:cover;--awb-width-large:100%;--awb-margin-top-large:0px;--awb-spacing-right-large:1.92%;--awb-margin-bottom-large:20px;--awb-spacing-left-large:1.92%;--awb-width-medium:100%;--awb-order-medium:0;--awb-spacing-right-medium:1.92%;--awb-spacing-left-medium:1.92%;--awb-width-small:100%;--awb-order-small:0;--awb-spacing-right-small:1.92%;--awb-spacing-left-small:1.92%;\"><div class=\"fusion-column-wrapper fusion-column-has-shadow fusion-flex-justify-content-flex-start fusion-content-layout-column\"><div class=\"fusion-title title fusion-title-1 fusion-title-center fusion-title-text fusion-title-size-one\" style=\"--awb-text-color:var(--awb-color1);--awb-sep-color:var(--awb-color1);\"><div class=\"title-sep-container title-sep-container-left\"><div class=\"title-sep sep-single sep-solid\" style=\"border-color:var(--awb-color1);\"><\/div><\/div><span class=\"awb-title-spacer\"><\/span><h1 class=\"fusion-title-heading title-heading-center\" style=\"margin:0;text-transform:none;\"><h1><strong>\u00a0Processus d\u2019aiguillage<\/strong><\/h1><\/h1><span class=\"awb-title-spacer\"><\/span><div class=\"title-sep-container title-sep-container-right\"><div class=\"title-sep sep-single sep-solid\" style=\"border-color:var(--awb-color1);\"><\/div><\/div><\/div><\/div><\/div><div class=\"fusion-layout-column fusion_builder_column fusion-builder-column-1 fusion_builder_column_1_2 1_2 fusion-flex-column\" style=\"--awb-bg-size:cover;--awb-width-large:50%;--awb-margin-top-large:0px;--awb-spacing-right-large:3.84%;--awb-margin-bottom-large:20px;--awb-spacing-left-large:3.84%;--awb-width-medium:50%;--awb-spacing-right-medium:3.84%;--awb-spacing-left-medium:3.84%;--awb-width-small:100%;--awb-spacing-right-small:1.92%;--awb-spacing-left-small:1.92%;\"><div class=\"fusion-column-wrapper fusion-column-has-shadow fusion-flex-justify-content-flex-start fusion-content-layout-column\"><div class=\"fusion-text fusion-text-1\"><\/div><div class=\"fusion-image-element\" style=\"--awb-caption-title-font-family:var(--h2_typography-font-family);--awb-caption-title-font-weight:var(--h2_typography-font-weight);--awb-caption-title-font-style:var(--h2_typography-font-style);--awb-caption-title-size:var(--h2_typography-font-size);--awb-caption-title-transform:var(--h2_typography-text-transform);--awb-caption-title-line-height:var(--h2_typography-line-height);--awb-caption-title-letter-spacing:var(--h2_typography-letter-spacing);\"><span class=\"fusion-imageframe imageframe-none imageframe-1 hover-type-none\"><img decoding=\"async\" width=\"1080\" height=\"1080\" title=\"January 31 (1)\" src=\"https:\/\/www.aohagainsttrafficking.ca\/wp-content\/uploads\/2024\/04\/Referral-1.png\" alt class=\"img-responsive wp-image-2003\" srcset=\"https:\/\/www.aohagainsttrafficking.ca\/wp-content\/uploads\/2024\/04\/Referral-1-12x12.png 12w, https:\/\/www.aohagainsttrafficking.ca\/wp-content\/uploads\/2024\/04\/Referral-1-66x66.png 66w, https:\/\/www.aohagainsttrafficking.ca\/wp-content\/uploads\/2024\/04\/Referral-1-150x150.png 150w, https:\/\/www.aohagainsttrafficking.ca\/wp-content\/uploads\/2024\/04\/Referral-1-200x200.png 200w, https:\/\/www.aohagainsttrafficking.ca\/wp-content\/uploads\/2024\/04\/Referral-1-300x300.png 300w, https:\/\/www.aohagainsttrafficking.ca\/wp-content\/uploads\/2024\/04\/Referral-1-400x400.png 400w, https:\/\/www.aohagainsttrafficking.ca\/wp-content\/uploads\/2024\/04\/Referral-1-600x600.png 600w, https:\/\/www.aohagainsttrafficking.ca\/wp-content\/uploads\/2024\/04\/Referral-1-768x768.png 768w, https:\/\/www.aohagainsttrafficking.ca\/wp-content\/uploads\/2024\/04\/Referral-1-800x800.png 800w, https:\/\/www.aohagainsttrafficking.ca\/wp-content\/uploads\/2024\/04\/Referral-1-1024x1024.png 1024w, https:\/\/www.aohagainsttrafficking.ca\/wp-content\/uploads\/2024\/04\/Referral-1.png 1080w\" sizes=\"(max-width: 1024px) 100vw, (max-width: 640px) 100vw, 600px\" \/><\/span><\/div><\/div><\/div><div class=\"fusion-layout-column fusion_builder_column fusion-builder-column-2 fusion_builder_column_1_2 1_2 fusion-flex-column\" style=\"--awb-bg-size:cover;--awb-width-large:50%;--awb-margin-top-large:0px;--awb-spacing-right-large:3.84%;--awb-margin-bottom-large:20px;--awb-spacing-left-large:3.84%;--awb-width-medium:50%;--awb-spacing-right-medium:3.84%;--awb-spacing-left-medium:3.84%;--awb-width-small:100%;--awb-spacing-right-small:1.92%;--awb-spacing-left-small:1.92%;\"><div class=\"fusion-column-wrapper fusion-column-has-shadow fusion-flex-justify-content-flex-start fusion-content-layout-column\"><div class=\"fusion-text fusion-text-2\"><\/div><div class=\"fusion-text fusion-text-3\" style=\"--awb-font-size:20px;--awb-text-color:var(--awb-color1);\"><p>Le but du processus d\u2019admission est de permettre \u00e0 AOH de vous conna\u00eetre et d'avoir une id\u00e9e des services dont vous pourriez avoir besoin. C'est \u00e9galement une occasion pour vous de nous conna\u00eetre, ainsi que les services et le soutien que nous pouvons vous offrir. Le processus d\u2019admission peut se faire par t\u00e9l\u00e9phone, virtuellement via Zoom, ou en personne avec un membre du personnel de l'AOH. Le membre du personnel vous posera des questions et vous donnera l'occasion de partager votre histoire.<\/p>\n<p>\u00c0 partir de vos r\u00e9ponses, nous mettrons en place un cercle de soins qui pourrait inclure des services de counseling en d\u00e9pendance ou en sant\u00e9 mentale, des groupes de soutien virtuels, une gestion de cas, et\/ou un aiguillage vers des organismes communautaires sp\u00e9cialis\u00e9s.<\/p>\n<\/div><div style=\"text-align:center;\"><a class=\"fusion-button button-flat fusion-button-default-size button-custom fusion-button-default button-1 fusion-button-span-yes fusion-button-default-type\" style=\"--button_accent_color:var(--awb-color8);--button_border_color:var(--awb-color8);--button_accent_hover_color:#ffffff;--button_border_hover_color:#ffffff;--button_gradient_top_color:var(--awb-color4);--button_gradient_bottom_color:var(--awb-color4);--button_gradient_top_color_hover:#000000;--button_gradient_bottom_color_hover:#000000;\" target=\"_self\" href=\"#referral-form\"><span class=\"fusion-button-text awb-button__text awb-button__text--default\">Formulaire d\u2019aiguillage<\/span><\/a><\/div><\/div><\/div><\/div><\/div><div class=\"fusion-fullwidth fullwidth-box fusion-builder-row-3 fusion-flex-container has-pattern-background has-mask-background nonhundred-percent-fullwidth non-hundred-percent-height-scrolling\" style=\"--awb-border-radius-top-left:0px;--awb-border-radius-top-right:0px;--awb-border-radius-bottom-right:0px;--awb-border-radius-bottom-left:0px;--awb-background-color:rgb(246 202 122);--awb-flex-wrap:wrap;\" ><div class=\"fusion-builder-row fusion-row fusion-flex-align-items-center fusion-flex-content-wrap\" style=\"max-width:1216.8px;margin-left: calc(-4% \/ 2 );margin-right: calc(-4% \/ 2 );\"><div class=\"fusion-layout-column fusion_builder_column fusion-builder-column-3 fusion_builder_column_1_1 1_1 fusion-flex-column\" style=\"--awb-bg-size:cover;--awb-width-large:100%;--awb-margin-top-large:0px;--awb-spacing-right-large:1.92%;--awb-margin-bottom-large:20px;--awb-spacing-left-large:1.92%;--awb-width-medium:100%;--awb-order-medium:0;--awb-spacing-right-medium:1.92%;--awb-spacing-left-medium:1.92%;--awb-width-small:100%;--awb-order-small:0;--awb-spacing-right-small:1.92%;--awb-spacing-left-small:1.92%;\"><div class=\"fusion-column-wrapper fusion-column-has-shadow fusion-flex-justify-content-flex-start fusion-content-layout-column\"><div class=\"fusion-section-separator section-separator slant fusion-section-separator-1\" style=\"--awb-spacer-height:99px;--awb-svg-margin-left:1.92%;--awb-svg-margin-right:1.92%;--awb-svg-margin-left-medium:1.92%;--awb-svg-margin-right-medium:1.92%;--awb-svg-margin-left-small:1.92%;--awb-svg-margin-right-small:1.92%;--awb-divider-height:99px;--awb-spacer-padding-top:inherit;--awb-sep-padding:0;--awb-svg-padding:0;\"><div class=\"fusion-section-separator-svg\"><svg class=\"fusion-slant-candy\" xmlns=\"http:\/\/www.w3.org\/2000\/svg\" version=\"1.1\" width=\"100%\" height=\"100\" viewbox=\"0 0 100 100\" preserveaspectratio=\"none\" fill=\"rgba(221,113,107,1)\"><path d=\"M100 0 L100 100 L0 0 Z\"><\/path><\/svg><\/div><div class=\"fusion-section-separator-spacer\"><div class=\"fusion-section-separator-spacer-height\"><\/div><\/div><\/div><\/div><\/div><div class=\"fusion-layout-column fusion_builder_column fusion-builder-column-4 fusion_builder_column_1_2 1_2 fusion-flex-column\" style=\"--awb-bg-size:cover;--awb-width-large:50%;--awb-margin-top-large:0px;--awb-spacing-right-large:3.84%;--awb-margin-bottom-large:20px;--awb-spacing-left-large:3.84%;--awb-width-medium:100%;--awb-order-medium:0;--awb-spacing-right-medium:1.92%;--awb-spacing-left-medium:1.92%;--awb-width-small:100%;--awb-order-small:0;--awb-spacing-right-small:1.92%;--awb-spacing-left-small:1.92%;\"><div class=\"fusion-column-wrapper fusion-column-has-shadow fusion-flex-justify-content-flex-start fusion-content-layout-column\"><div class=\"fusion-text fusion-text-4\" style=\"--awb-margin-top:50px;\"><h2 class=\"fusion-responsive-typography-calculated\" style=\"--fontsize: 36; line-height: 1.5;\" data-fontsize=\"36\" data-lineheight=\"54px\">Il existe deux fa\u00e7ons diff\u00e9rentes pour les survivant.es d'\u00eatre aiguill\u00e9.es vers AOH et d'acc\u00e9der aux services :<\/h2>\n<ol>\n<li><strong>R\u00e9f\u00e9rences communautaires<\/strong>: Si vous \u00eates un fournisseur de services dans un organisme communautaire et que vous pensez qu'une personne survivante que vous soutenez pourrait b\u00e9n\u00e9ficier de nos services, vous pouvez appeler ou envoyer un courriel \u00e0 AOH pour mettre en place le processus d\u2019admission pour votre client.e. Alternativement, vous pouvez nous fournir leurs coordonn\u00e9es et l'un de nos membres du personnel la contactera directement.<\/li>\n<li><strong>Auto-r\u00e9f\u00e9rence<\/strong>: Si vous \u00eates une personne survivante cherchant \u00e0 acc\u00e9der \u00e0 nos services gratuits, s\u00e9curitaires, bilingues et confidentiels, vous pouvez nous appeler ou nous envoyer un courriel directement, ou remplir le formulaire sur cette page, et l'un de nos membres du personnel vous contactera pour effectuer l'admission.<\/li>\n<\/ol>\n<p>La personne survivante peut choisir de faire le processus d\u2019admission par t\u00e9l\u00e9phone, virtuellement ou en personne.<\/p>\n<p><strong>Il n\u2019y a AUCUN temps d\u2019attente.<\/strong><\/p>\n<\/div><\/div><\/div><div class=\"fusion-layout-column fusion_builder_column fusion-builder-column-5 fusion_builder_column_1_2 1_2 fusion-flex-column\" style=\"--awb-bg-size:cover;--awb-width-large:50%;--awb-margin-top-large:0px;--awb-spacing-right-large:3.84%;--awb-margin-bottom-large:20px;--awb-spacing-left-large:3.84%;--awb-width-medium:50%;--awb-spacing-right-medium:3.84%;--awb-spacing-left-medium:3.84%;--awb-width-small:100%;--awb-spacing-right-small:1.92%;--awb-spacing-left-small:1.92%;\"><div class=\"fusion-column-wrapper fusion-column-has-shadow fusion-flex-justify-content-flex-start fusion-content-layout-column\"><div class=\"fusion-image-element\" style=\"--awb-caption-title-font-family:var(--h2_typography-font-family);--awb-caption-title-font-weight:var(--h2_typography-font-weight);--awb-caption-title-font-style:var(--h2_typography-font-style);--awb-caption-title-size:var(--h2_typography-font-size);--awb-caption-title-transform:var(--h2_typography-text-transform);--awb-caption-title-line-height:var(--h2_typography-line-height);--awb-caption-title-letter-spacing:var(--h2_typography-letter-spacing);\"><span class=\"fusion-imageframe imageframe-none imageframe-2 hover-type-none\"><img decoding=\"async\" width=\"1080\" height=\"1080\" title=\"January 17\" src=\"https:\/\/www.aohagainsttrafficking.ca\/wp-content\/uploads\/2024\/04\/Referral-3.png\" alt class=\"img-responsive wp-image-2000\" srcset=\"https:\/\/www.aohagainsttrafficking.ca\/wp-content\/uploads\/2024\/04\/Referral-3-12x12.png 12w, https:\/\/www.aohagainsttrafficking.ca\/wp-content\/uploads\/2024\/04\/Referral-3-66x66.png 66w, https:\/\/www.aohagainsttrafficking.ca\/wp-content\/uploads\/2024\/04\/Referral-3-150x150.png 150w, https:\/\/www.aohagainsttrafficking.ca\/wp-content\/uploads\/2024\/04\/Referral-3-200x200.png 200w, https:\/\/www.aohagainsttrafficking.ca\/wp-content\/uploads\/2024\/04\/Referral-3-300x300.png 300w, https:\/\/www.aohagainsttrafficking.ca\/wp-content\/uploads\/2024\/04\/Referral-3-400x400.png 400w, https:\/\/www.aohagainsttrafficking.ca\/wp-content\/uploads\/2024\/04\/Referral-3-600x600.png 600w, https:\/\/www.aohagainsttrafficking.ca\/wp-content\/uploads\/2024\/04\/Referral-3-768x768.png 768w, https:\/\/www.aohagainsttrafficking.ca\/wp-content\/uploads\/2024\/04\/Referral-3-800x800.png 800w, https:\/\/www.aohagainsttrafficking.ca\/wp-content\/uploads\/2024\/04\/Referral-3-1024x1024.png 1024w, https:\/\/www.aohagainsttrafficking.ca\/wp-content\/uploads\/2024\/04\/Referral-3.png 1080w\" sizes=\"(max-width: 1024px) 100vw, (max-width: 640px) 100vw, 600px\" \/><\/span><\/div><\/div><\/div><div class=\"fusion-layout-column fusion_builder_column fusion-builder-column-6 fusion_builder_column_1_2 1_2 fusion-flex-column\" style=\"--awb-bg-size:cover;--awb-width-large:50%;--awb-margin-top-large:0px;--awb-spacing-right-large:3.84%;--awb-margin-bottom-large:20px;--awb-spacing-left-large:3.84%;--awb-width-medium:50%;--awb-order-medium:0;--awb-spacing-right-medium:3.84%;--awb-spacing-left-medium:3.84%;--awb-width-small:100%;--awb-order-small:0;--awb-spacing-right-small:1.92%;--awb-spacing-left-small:1.92%;\"><div class=\"fusion-column-wrapper fusion-column-has-shadow fusion-flex-justify-content-flex-start fusion-content-layout-column\"><div class=\"fusion-image-element\" style=\"--awb-caption-title-font-family:var(--h2_typography-font-family);--awb-caption-title-font-weight:var(--h2_typography-font-weight);--awb-caption-title-font-style:var(--h2_typography-font-style);--awb-caption-title-size:var(--h2_typography-font-size);--awb-caption-title-transform:var(--h2_typography-text-transform);--awb-caption-title-line-height:var(--h2_typography-line-height);--awb-caption-title-letter-spacing:var(--h2_typography-letter-spacing);\"><span class=\"fusion-imageframe imageframe-none imageframe-3 hover-type-none\"><img decoding=\"async\" width=\"1080\" height=\"1080\" title=\"January 27 slide 4\" src=\"https:\/\/www.aohagainsttrafficking.ca\/wp-content\/uploads\/2024\/04\/Referral-2.png\" alt class=\"img-responsive wp-image-1518\" srcset=\"https:\/\/www.aohagainsttrafficking.ca\/wp-content\/uploads\/2024\/04\/Referral-2-12x12.png 12w, https:\/\/www.aohagainsttrafficking.ca\/wp-content\/uploads\/2024\/04\/Referral-2-66x66.png 66w, https:\/\/www.aohagainsttrafficking.ca\/wp-content\/uploads\/2024\/04\/Referral-2-150x150.png 150w, https:\/\/www.aohagainsttrafficking.ca\/wp-content\/uploads\/2024\/04\/Referral-2-200x200.png 200w, https:\/\/www.aohagainsttrafficking.ca\/wp-content\/uploads\/2024\/04\/Referral-2-300x300.png 300w, https:\/\/www.aohagainsttrafficking.ca\/wp-content\/uploads\/2024\/04\/Referral-2-400x400.png 400w, https:\/\/www.aohagainsttrafficking.ca\/wp-content\/uploads\/2024\/04\/Referral-2-600x600.png 600w, https:\/\/www.aohagainsttrafficking.ca\/wp-content\/uploads\/2024\/04\/Referral-2-768x768.png 768w, https:\/\/www.aohagainsttrafficking.ca\/wp-content\/uploads\/2024\/04\/Referral-2-800x800.png 800w, https:\/\/www.aohagainsttrafficking.ca\/wp-content\/uploads\/2024\/04\/Referral-2-1024x1024.png 1024w, https:\/\/www.aohagainsttrafficking.ca\/wp-content\/uploads\/2024\/04\/Referral-2-1200x1200.png 1200w, https:\/\/www.aohagainsttrafficking.ca\/wp-content\/uploads\/2024\/04\/Referral-2-1536x1536.png 1536w, https:\/\/www.aohagainsttrafficking.ca\/wp-content\/uploads\/2024\/04\/Referral-2.png 2251w\" sizes=\"(max-width: 1024px) 100vw, (max-width: 640px) 100vw, 600px\" \/><\/span><\/div><\/div><\/div><div class=\"fusion-layout-column fusion_builder_column fusion-builder-column-7 fusion_builder_column_1_2 1_2 fusion-flex-column\" style=\"--awb-bg-size:cover;--awb-width-large:50%;--awb-margin-top-large:0px;--awb-spacing-right-large:3.84%;--awb-margin-bottom-large:20px;--awb-spacing-left-large:3.84%;--awb-width-medium:100%;--awb-spacing-right-medium:1.92%;--awb-spacing-left-medium:1.92%;--awb-width-small:100%;--awb-spacing-right-small:1.92%;--awb-spacing-left-small:1.92%;\" id=\"referral-form\"><div class=\"fusion-column-wrapper fusion-column-has-shadow fusion-flex-justify-content-flex-start fusion-content-layout-column\"><script src=\"https:\/\/www.emailmeform.com\/builder\/forms\/jsform\/wa4drDnR5a47u6gv1bk\" type=\"text\/javascript\"><\/script><\/div><\/div><\/div><\/div><\/p>","protected":false},"excerpt":{"rendered":"","protected":false},"author":1,"featured_media":0,"parent":0,"menu_order":0,"comment_status":"closed","ping_status":"closed","template":"100-width.php","meta":{"_monsterinsights_skip_tracking":false,"_monsterinsights_sitenote_active":false,"_monsterinsights_sitenote_note":"","_monsterinsights_sitenote_category":0,"footnotes":""},"class_list":["post-990","page","type-page","status-publish","hentry"],"aioseo_notices":[],"_links":{"self":[{"href":"https:\/\/www.aohagainsttrafficking.ca\/fr\/wp-json\/wp\/v2\/pages\/990","targetHints":{"allow":["GET"]}}],"collection":[{"href":"https:\/\/www.aohagainsttrafficking.ca\/fr\/wp-json\/wp\/v2\/pages"}],"about":[{"href":"https:\/\/www.aohagainsttrafficking.ca\/fr\/wp-json\/wp\/v2\/types\/page"}],"author":[{"embeddable":true,"href":"https:\/\/www.aohagainsttrafficking.ca\/fr\/wp-json\/wp\/v2\/users\/1"}],"replies":[{"embeddable":true,"href":"https:\/\/www.aohagainsttrafficking.ca\/fr\/wp-json\/wp\/v2\/comments?post=990"}],"version-history":[{"count":6,"href":"https:\/\/www.aohagainsttrafficking.ca\/fr\/wp-json\/wp\/v2\/pages\/990\/revisions"}],"predecessor-version":[{"id":2029,"href":"https:\/\/www.aohagainsttrafficking.ca\/fr\/wp-json\/wp\/v2\/pages\/990\/revisions\/2029"}],"wp:attachment":[{"href":"https:\/\/www.aohagainsttrafficking.ca\/fr\/wp-json\/wp\/v2\/media?parent=990"}],"curies":[{"name":"wp","href":"https:\/\/api.w.org\/{rel}","templated":true}]}}