{"id":758,"date":"2016-08-10T08:50:57","date_gmt":"2016-08-10T08:50:57","guid":{"rendered":"https:\/\/www.aohagainsthumantrafficking.com\/?page_id=6"},"modified":"2023-06-07T23:55:40","modified_gmt":"2023-06-07T23:55:40","slug":"mission","status":"publish","type":"page","link":"https:\/\/www.aohagainsttrafficking.ca\/fr\/mission\/","title":{"rendered":"Mission"},"content":{"rendered":"<p><div class=\"fusion-fullwidth fullwidth-box fusion-builder-row-1 fusion-flex-container has-pattern-background has-mask-background fusion-parallax-none nonhundred-percent-fullwidth non-hundred-percent-height-scrolling\" style=\"--awb-border-radius-top-left:0px;--awb-border-radius-top-right:0px;--awb-border-radius-bottom-right:0px;--awb-border-radius-bottom-left:0px;--awb-margin-top:160px;--awb-min-height:560px;--awb-background-color:var(--awb-custom13);--awb-background-image:url(&quot;https:\/\/www.aohagainsttrafficking.ca\/wp-content\/uploads\/2023\/04\/pexels-ann-h-11022648-scaled.jpg&quot;);--awb-background-size:cover;--awb-flex-wrap:wrap;\" ><div class=\"fusion-builder-row fusion-row fusion-flex-align-items-flex-start fusion-flex-content-wrap\" style=\"max-width:1216.8px;margin-left: calc(-4% \/ 2 );margin-right: calc(-4% \/ 2 );\"><\/div><\/div><div class=\"fusion-fullwidth fullwidth-box fusion-builder-row-2 nonhundred-percent-fullwidth non-hundred-percent-height-scrolling\" style=\"--awb-border-radius-top-left:0px;--awb-border-radius-top-right:0px;--awb-border-radius-bottom-right:0px;--awb-border-radius-bottom-left:0px;--awb-padding-top:50px;--awb-padding-right:45px;--awb-padding-left:45px;--awb-margin-top:0px;--awb-margin-bottom:0px;--awb-background-image:linear-gradient(93deg, rgba(1,155,225,0.1) 0%,rgba(1,155,225,0.1) 100%);--awb-flex-wrap:wrap;\" ><div class=\"fusion-builder-row fusion-row\"><div class=\"fusion-layout-column fusion_builder_column fusion-builder-column-0 fusion_builder_column_1_2 1_2 fusion-one-half fusion-column-first\" style=\"--awb-bg-size:cover;width:50%;width:calc(50% - ( ( 4% ) * 0.5 ) );margin-right: 4%;\"><div class=\"fusion-column-wrapper fusion-column-has-shadow fusion-flex-column-wrapper-legacy\"><div class=\"fusion-text fusion-text-1\"><h1><strong>Notre mission<br \/>\n<\/strong><\/h1>\n<\/div><div class=\"fusion-sep-clear\"><\/div><div class=\"fusion-separator fusion-clearfix\" style=\"float:left;margin-top:-10px;margin-bottom:40px;width:100%;max-width:200px;\"><div class=\"fusion-separator-border sep-single sep-solid\" style=\"--awb-height:20px;--awb-amount:20px;--awb-sep-color:var(--awb-custom13);border-color:var(--awb-custom13);border-top-width:3px;\"><\/div><\/div><div class=\"fusion-sep-clear\"><\/div><div class=\"fusion-text fusion-text-2\"><p>Angels of Hope Against Human Trafficking (AOH) soutient les survivant.es de la traite de personnes et leurs proches \u00e0 travers des services de counseling, d'orientation et de sensibilisation, ainsi que des espaces de gu\u00e9rison, des ressources juridiques, des efforts de pr\u00e9vention, de l\u2019aiguillage vers des services communautaires et la d\u00e9fense des droits pour mettre fin \u00e0 la traite de personnes. AOH s'efforce de marcher main dans la main avec les survivant.es de la traite de personnes et de l'exploitation sexuelle, tout en les guidant sur le chemin de la gu\u00e9rison.<\/p>\n<p>AOH travaille aupr\u00e8s de survivant.es de tous \u00e2ges et de tous horizons, et toute personne identifi\u00e9e ou s'identifiant comme survivant.e de la traite de personnes (aucune r\u00e9f\u00e9rence n\u00e9cessaire). AOH sera avec vous \u00e0 chaque \u00e9tape du chemin. Vous \u00eates l'expert.e de votre propre gu\u00e9rison. AOH utilisera une approche centr\u00e9e sur la personne survivante, intersectionnelle et de r\u00e9duction des m\u00e9faits pour la gu\u00e9rison et le soutien. AOH guide les personnes survivantes pour leur permettre de retrouver leur pouvoir et leur libert\u00e9. Nous le faisons \u00e0 travers des services de soutien coordonn\u00e9s et \u00e0 long terme pour les personnes survivantes et leurs proches.<\/p>\n<p>AOH op\u00e8re selon des horaires flexibles, aidant les client.es en cas de besoin. Les proches des personnes survivantes ont \u00e9galement acc\u00e8s \u00e0 des services et \u00e0 des ressources. Les services comprennent des ateliers, du counseling en en sant\u00e9 mentale (traumatisme) et en d\u00e9pendance, un soutien par les pairs, du mentorat, de l\u2019accompagnement juridique et des groupes de soutien. AOH s'efforce de fournir un soutien aux survivant.es de la traite de personnes et de l'exploitation sexuelle de divers horizons, y compris les communaut\u00e9s noires, autochtones, racis\u00e9es et 2SLGBTQI+, et ce, dans un environnement s\u00e9curitaire.<\/p>\n<\/div><div class=\"fusion-clearfix\"><\/div><\/div><\/div><div class=\"fusion-layout-column fusion_builder_column fusion-builder-column-1 fusion_builder_column_1_2 1_2 fusion-one-half fusion-column-last\" style=\"--awb-bg-size:cover;--awb-margin-bottom:45px;width:50%;width:calc(50% - ( ( 4% ) * 0.5 ) );\"><div class=\"fusion-column-wrapper fusion-column-has-shadow fusion-flex-column-wrapper-legacy\"><div class=\"fusion-video fusion-youtube fusion-aligncenter\" style=\"--awb-max-width:600px;--awb-max-height:360px;--awb-width:100%;--awb-margin-top:70px;\"><div class=\"video-shortcode\"><div class=\"fluid-width-video-wrapper\" style=\"padding-top:60%;\" ><iframe title=\"YouTube video player 1\" src=\"https:\/\/www.youtube.com\/embed\/px_u2xApANY?wmode=transparent&autoplay=0\" width=\"600\" height=\"360\" allowfullscreen allow=\"autoplay; clipboard-write; encrypted-media; gyroscope; picture-in-picture;\"><\/iframe><\/div><\/div><\/div><div class=\"fusion-text fusion-text-3\" style=\"--awb-margin-top:10px;\"><p style=\"text-align: center;\">La r\u00e9alit\u00e9 de la traite de personnes \u00e0 Sudbury<\/p>\n<\/div><div class=\"fusion-sep-clear\"><\/div><div class=\"fusion-separator\" style=\"margin-left: auto;margin-right: auto;margin-bottom:50px;width:100%;max-width:80%;\"><div class=\"fusion-separator-border sep-single sep-solid\" style=\"--awb-height:20px;--awb-amount:20px;--awb-sep-color:var(--awb-custom13);border-color:var(--awb-custom13);border-top-width:2px;\"><\/div><\/div><div class=\"fusion-sep-clear\"><\/div><div class=\"fusion-image-element in-legacy-container\" style=\"--awb-caption-title-font-family:var(--h2_typography-font-family);--awb-caption-title-font-weight:var(--h2_typography-font-weight);--awb-caption-title-font-style:var(--h2_typography-font-style);--awb-caption-title-size:var(--h2_typography-font-size);--awb-caption-title-transform:var(--h2_typography-text-transform);--awb-caption-title-line-height:var(--h2_typography-line-height);--awb-caption-title-letter-spacing:var(--h2_typography-letter-spacing);\"><span class=\"fusion-imageframe imageframe-none imageframe-1 hover-type-none\"><img decoding=\"async\" width=\"1080\" height=\"1080\" title=\"January 13 slide 3\" src=\"https:\/\/www.aohagainsttrafficking.ca\/wp-content\/uploads\/2024\/04\/Mission-1.png\" alt class=\"img-responsive wp-image-1517\" srcset=\"https:\/\/www.aohagainsttrafficking.ca\/wp-content\/uploads\/2024\/04\/Mission-1-12x12.png 12w, https:\/\/www.aohagainsttrafficking.ca\/wp-content\/uploads\/2024\/04\/Mission-1-66x66.png 66w, https:\/\/www.aohagainsttrafficking.ca\/wp-content\/uploads\/2024\/04\/Mission-1-150x150.png 150w, https:\/\/www.aohagainsttrafficking.ca\/wp-content\/uploads\/2024\/04\/Mission-1-200x200.png 200w, https:\/\/www.aohagainsttrafficking.ca\/wp-content\/uploads\/2024\/04\/Mission-1-300x300.png 300w, https:\/\/www.aohagainsttrafficking.ca\/wp-content\/uploads\/2024\/04\/Mission-1-400x400.png 400w, https:\/\/www.aohagainsttrafficking.ca\/wp-content\/uploads\/2024\/04\/Mission-1-600x600.png 600w, https:\/\/www.aohagainsttrafficking.ca\/wp-content\/uploads\/2024\/04\/Mission-1-768x768.png 768w, https:\/\/www.aohagainsttrafficking.ca\/wp-content\/uploads\/2024\/04\/Mission-1-800x800.png 800w, https:\/\/www.aohagainsttrafficking.ca\/wp-content\/uploads\/2024\/04\/Mission-1-1024x1024.png 1024w, https:\/\/www.aohagainsttrafficking.ca\/wp-content\/uploads\/2024\/04\/Mission-1-1200x1200.png 1200w, https:\/\/www.aohagainsttrafficking.ca\/wp-content\/uploads\/2024\/04\/Mission-1-1536x1536.png 1536w, https:\/\/www.aohagainsttrafficking.ca\/wp-content\/uploads\/2024\/04\/Mission-1.png 2251w\" sizes=\"(max-width: 1024px) 100vw, 600px\" \/><\/span><\/div><div class=\"fusion-clearfix\"><\/div><\/div><\/div><\/div><\/div><\/p>","protected":false},"excerpt":{"rendered":"","protected":false},"author":1,"featured_media":0,"parent":0,"menu_order":0,"comment_status":"closed","ping_status":"closed","template":"100-width.php","meta":{"_monsterinsights_skip_tracking":false,"_monsterinsights_sitenote_active":false,"_monsterinsights_sitenote_note":"","_monsterinsights_sitenote_category":0,"footnotes":""},"class_list":["post-758","page","type-page","status-publish","hentry"],"aioseo_notices":[],"_links":{"self":[{"href":"https:\/\/www.aohagainsttrafficking.ca\/fr\/wp-json\/wp\/v2\/pages\/758","targetHints":{"allow":["GET"]}}],"collection":[{"href":"https:\/\/www.aohagainsttrafficking.ca\/fr\/wp-json\/wp\/v2\/pages"}],"about":[{"href":"https:\/\/www.aohagainsttrafficking.ca\/fr\/wp-json\/wp\/v2\/types\/page"}],"author":[{"embeddable":true,"href":"https:\/\/www.aohagainsttrafficking.ca\/fr\/wp-json\/wp\/v2\/users\/1"}],"replies":[{"embeddable":true,"href":"https:\/\/www.aohagainsttrafficking.ca\/fr\/wp-json\/wp\/v2\/comments?post=758"}],"version-history":[{"count":13,"href":"https:\/\/www.aohagainsttrafficking.ca\/fr\/wp-json\/wp\/v2\/pages\/758\/revisions"}],"predecessor-version":[{"id":2026,"href":"https:\/\/www.aohagainsttrafficking.ca\/fr\/wp-json\/wp\/v2\/pages\/758\/revisions\/2026"}],"wp:attachment":[{"href":"https:\/\/www.aohagainsttrafficking.ca\/fr\/wp-json\/wp\/v2\/media?parent=758"}],"curies":[{"name":"wp","href":"https:\/\/api.w.org\/{rel}","templated":true}]}}