{"id":1729,"date":"2023-04-09T17:44:37","date_gmt":"2023-04-09T17:44:37","guid":{"rendered":"https:\/\/www.aohagainsttrafficking.ca\/?page_id=1729"},"modified":"2023-06-08T01:21:21","modified_gmt":"2023-06-08T01:21:21","slug":"merch","status":"publish","type":"page","link":"https:\/\/www.aohagainsttrafficking.ca\/fr\/merch\/","title":{"rendered":"Produits d\u00e9riv\u00e9s"},"content":{"rendered":"<p><div class=\"fusion-fullwidth fullwidth-box fusion-builder-row-1 fusion-flex-container has-pattern-background has-mask-background fusion-parallax-none nonhundred-percent-fullwidth non-hundred-percent-height-scrolling support-hero\" style=\"--awb-border-radius-top-left:0px;--awb-border-radius-top-right:0px;--awb-border-radius-bottom-right:0px;--awb-border-radius-bottom-left:0px;--awb-margin-top:160px;--awb-min-height:560px;--awb-background-color:var(--awb-custom13);--awb-background-image:url(&quot;https:\/\/www.aohagainsttrafficking.ca\/wp-content\/uploads\/2023\/04\/pexels-anna-tarazevich-5697262-scaled.jpg&quot;);--awb-background-size:cover;--awb-flex-wrap:wrap;\" ><div class=\"fusion-builder-row fusion-row fusion-flex-align-items-flex-start fusion-flex-content-wrap\" style=\"max-width:1216.8px;margin-left: calc(-4% \/ 2 );margin-right: calc(-4% \/ 2 );\"><\/div><\/div><div class=\"fusion-fullwidth fullwidth-box fusion-builder-row-2 nonhundred-percent-fullwidth non-hundred-percent-height-scrolling\" style=\"--awb-border-radius-top-left:0px;--awb-border-radius-top-right:0px;--awb-border-radius-bottom-right:0px;--awb-border-radius-bottom-left:0px;--awb-padding-top:50px;--awb-padding-right:45px;--awb-padding-bottom:50px;--awb-padding-left:45px;--awb-margin-top:0px;--awb-margin-bottom:0px;--awb-background-image:linear-gradient(93deg, var(--awb-color1) 0%,var(--awb-color1) 100%);--awb-flex-wrap:wrap;\" ><div class=\"fusion-builder-row fusion-row\"><div class=\"fusion-layout-column fusion_builder_column fusion-builder-column-0 fusion_builder_column_1_2 1_2 fusion-one-half fusion-column-first\" style=\"--awb-bg-size:cover;width:50%;width:calc(50% - ( ( 4% ) * 0.5 ) );margin-right: 4%;\"><div class=\"fusion-column-wrapper fusion-column-has-shadow fusion-flex-column-wrapper-legacy\"><div class=\"fusion-text fusion-text-1\"><h1><strong>Produits d\u00e9riv\u00e9s<br \/>\n<\/strong><\/h1>\n<\/div><div class=\"fusion-sep-clear\"><\/div><div class=\"fusion-separator fusion-clearfix\" style=\"float:left;margin-top:-10px;margin-bottom:40px;width:100%;max-width:200px;\"><div class=\"fusion-separator-border sep-single sep-solid\" style=\"--awb-height:20px;--awb-amount:20px;--awb-sep-color:var(--awb-custom13);border-color:var(--awb-custom13);border-top-width:3px;\"><\/div><\/div><div class=\"fusion-sep-clear\"><\/div><div class=\"fusion-text fusion-text-2\"><p>Angels of Hope Against Human Trafficking s\u2019est associ\u00e9 \u00e0 LQ Designs pour aider \u00e0 amasser des fonds afin de soutenir notre organisme et d\u2019aider les personnes survivantes. Une partie des profits de la vente de tous les produits d\u00e9riv\u00e9s sera remise \u00e0 AOH.<\/p>\n<p>Veuillez cliquer sur le lien pour vous procurer des produits d\u00e9riv\u00e9s.<\/p>\n<p>Merci de votre soutien.<\/p>\n<\/div><div class=\"fusion-button-wrapper\"><a class=\"fusion-button button-flat fusion-button-default-size button-custom fusion-button-default button-1 fusion-button-default-span fusion-button-default-type\" style=\"--button_accent_color:#ffffff;--button_accent_hover_color:#ffffff;--button_border_hover_color:#ffffff;--button_gradient_top_color:#019be1;--button_gradient_bottom_color:#019be1;--button_gradient_top_color_hover:#000000;--button_gradient_bottom_color_hover:#000000;\" target=\"_blank\" rel=\"noopener noreferrer\" href=\"https:\/\/lqdesignca.com\/ols\/search?keywords=End%20human%20trafficking&amp;sortOption=descend_by_match&amp;mibextid=kdkkhi\"><span class=\"fusion-button-text awb-button__text awb-button__text--default\">Procurez-vous des produits d\u00e9riv\u00e9s<\/span><\/a><\/div><div class=\"fusion-clearfix\"><\/div><\/div><\/div><div class=\"fusion-layout-column fusion_builder_column fusion-builder-column-1 fusion_builder_column_1_2 1_2 fusion-one-half fusion-column-last\" style=\"--awb-bg-size:cover;--awb-margin-bottom:45px;width:50%;width:calc(50% - ( ( 4% ) * 0.5 ) );\"><div class=\"fusion-column-wrapper fusion-column-has-shadow fusion-flex-column-wrapper-legacy\"><div class=\"fusion-image-element fusion-image-align-center in-legacy-container\" style=\"text-align:center;--awb-max-width:350px;--awb-caption-title-font-family:var(--h2_typography-font-family);--awb-caption-title-font-weight:var(--h2_typography-font-weight);--awb-caption-title-font-style:var(--h2_typography-font-style);--awb-caption-title-size:var(--h2_typography-font-size);--awb-caption-title-transform:var(--h2_typography-text-transform);--awb-caption-title-line-height:var(--h2_typography-line-height);--awb-caption-title-letter-spacing:var(--h2_typography-letter-spacing);\"><div class=\"imageframe-align-center\"><span class=\"fusion-imageframe imageframe-none imageframe-1 hover-type-none\"><img decoding=\"async\" width=\"712\" height=\"960\" title=\"image0 (3)\" src=\"https:\/\/www.aohagainsttrafficking.ca\/wp-content\/uploads\/2023\/04\/image0-3.jpeg\" alt class=\"img-responsive wp-image-1731\" srcset=\"https:\/\/www.aohagainsttrafficking.ca\/wp-content\/uploads\/2023\/04\/image0-3-200x270.jpeg 200w, https:\/\/www.aohagainsttrafficking.ca\/wp-content\/uploads\/2023\/04\/image0-3-400x539.jpeg 400w, https:\/\/www.aohagainsttrafficking.ca\/wp-content\/uploads\/2023\/04\/image0-3-600x809.jpeg 600w, https:\/\/www.aohagainsttrafficking.ca\/wp-content\/uploads\/2023\/04\/image0-3.jpeg 712w\" sizes=\"(max-width: 1024px) 100vw, 600px\" \/><\/span><\/div><\/div><div class=\"fusion-clearfix\"><\/div><\/div><\/div><div class=\"fusion-layout-column fusion_builder_column fusion-builder-column-2 fusion_builder_column_1_1 1_1 fusion-one-full fusion-column-first fusion-column-last\" style=\"--awb-bg-size:cover;\"><div class=\"fusion-column-wrapper fusion-column-has-shadow fusion-flex-column-wrapper-legacy\"><div class=\"fusion-sep-clear\"><\/div><div class=\"fusion-separator fusion-full-width-sep\" style=\"margin-left: auto;margin-right: auto;margin-top:20px;margin-bottom:20px;width:100%;\"><div class=\"fusion-separator-border sep-single sep-solid\" style=\"--awb-height:20px;--awb-amount:20px;--awb-sep-color:var(--awb-custom13);border-color:var(--awb-custom13);border-top-width:3px;\"><\/div><\/div><div class=\"fusion-sep-clear\"><\/div><div class=\"fusion-clearfix\"><\/div><\/div><\/div><div class=\"fusion-layout-column fusion_builder_column fusion-builder-column-3 fusion_builder_column_1_3 1_3 fusion-one-third fusion-column-first\" style=\"--awb-bg-size:cover;width:33.333333333333%;width:calc(33.333333333333% - ( ( 4% + 4% ) * 0.33333333333333 ) );margin-right: 4%;\"><div class=\"fusion-column-wrapper fusion-column-has-shadow fusion-flex-column-wrapper-legacy\"><div class=\"fusion-image-element in-legacy-container\" style=\"--awb-aspect-ratio:1 \/ 1;--awb-caption-title-font-family:var(--h2_typography-font-family);--awb-caption-title-font-weight:var(--h2_typography-font-weight);--awb-caption-title-font-style:var(--h2_typography-font-style);--awb-caption-title-size:var(--h2_typography-font-size);--awb-caption-title-transform:var(--h2_typography-text-transform);--awb-caption-title-line-height:var(--h2_typography-line-height);--awb-caption-title-letter-spacing:var(--h2_typography-letter-spacing);\"><span class=\"fusion-imageframe imageframe-none imageframe-2 hover-type-none has-aspect-ratio\"><img decoding=\"async\" width=\"679\" height=\"960\" alt=\"A green End Human Trafficking sweater\" title=\"image3 (1)\" src=\"https:\/\/www.aohagainsttrafficking.ca\/wp-content\/uploads\/2023\/04\/image3-1.jpeg\" class=\"img-responsive wp-image-1734 img-with-aspect-ratio\" data-parent-fit=\"cover\" data-parent-container=\".fusion-image-element\" srcset=\"https:\/\/www.aohagainsttrafficking.ca\/wp-content\/uploads\/2023\/04\/image3-1-200x283.jpeg 200w, https:\/\/www.aohagainsttrafficking.ca\/wp-content\/uploads\/2023\/04\/image3-1-400x566.jpeg 400w, https:\/\/www.aohagainsttrafficking.ca\/wp-content\/uploads\/2023\/04\/image3-1-600x848.jpeg 600w, https:\/\/www.aohagainsttrafficking.ca\/wp-content\/uploads\/2023\/04\/image3-1.jpeg 679w\" sizes=\"(max-width: 1024px) 100vw, 400px\" \/><\/span><\/div><div class=\"fusion-clearfix\"><\/div><\/div><\/div><div class=\"fusion-layout-column fusion_builder_column fusion-builder-column-4 fusion_builder_column_1_3 1_3 fusion-one-third\" style=\"--awb-bg-size:cover;width:33.333333333333%;width:calc(33.333333333333% - ( ( 4% + 4% ) * 0.33333333333333 ) );margin-right: 4%;\"><div class=\"fusion-column-wrapper fusion-column-has-shadow fusion-flex-column-wrapper-legacy\"><div class=\"fusion-image-element in-legacy-container\" style=\"--awb-aspect-ratio:1 \/ 1;--awb-caption-title-font-family:var(--h2_typography-font-family);--awb-caption-title-font-weight:var(--h2_typography-font-weight);--awb-caption-title-font-style:var(--h2_typography-font-style);--awb-caption-title-size:var(--h2_typography-font-size);--awb-caption-title-transform:var(--h2_typography-text-transform);--awb-caption-title-line-height:var(--h2_typography-line-height);--awb-caption-title-letter-spacing:var(--h2_typography-letter-spacing);\"><span class=\"fusion-imageframe imageframe-none imageframe-3 hover-type-none has-aspect-ratio\"><img decoding=\"async\" width=\"960\" height=\"716\" alt=\"A black End Human Trafficking sweater\" title=\"image2 (1)\" src=\"https:\/\/www.aohagainsttrafficking.ca\/wp-content\/uploads\/2023\/04\/image2-1.jpeg\" class=\"img-responsive wp-image-1733 img-with-aspect-ratio\" data-parent-fit=\"cover\" data-parent-container=\".fusion-image-element\" srcset=\"https:\/\/www.aohagainsttrafficking.ca\/wp-content\/uploads\/2023\/04\/image2-1-200x149.jpeg 200w, https:\/\/www.aohagainsttrafficking.ca\/wp-content\/uploads\/2023\/04\/image2-1-400x298.jpeg 400w, https:\/\/www.aohagainsttrafficking.ca\/wp-content\/uploads\/2023\/04\/image2-1-600x448.jpeg 600w, https:\/\/www.aohagainsttrafficking.ca\/wp-content\/uploads\/2023\/04\/image2-1-800x597.jpeg 800w, https:\/\/www.aohagainsttrafficking.ca\/wp-content\/uploads\/2023\/04\/image2-1.jpeg 960w\" sizes=\"(max-width: 1024px) 100vw, 400px\" \/><\/span><\/div><div class=\"fusion-clearfix\"><\/div><\/div><\/div><div class=\"fusion-layout-column fusion_builder_column fusion-builder-column-5 fusion_builder_column_1_3 1_3 fusion-one-third fusion-column-last\" style=\"--awb-bg-size:cover;width:33.333333333333%;width:calc(33.333333333333% - ( ( 4% + 4% ) * 0.33333333333333 ) );\"><div class=\"fusion-column-wrapper fusion-column-has-shadow fusion-flex-column-wrapper-legacy\"><div class=\"fusion-image-element in-legacy-container\" style=\"--awb-aspect-ratio:1 \/ 1;--awb-caption-title-font-family:var(--h2_typography-font-family);--awb-caption-title-font-weight:var(--h2_typography-font-weight);--awb-caption-title-font-style:var(--h2_typography-font-style);--awb-caption-title-size:var(--h2_typography-font-size);--awb-caption-title-transform:var(--h2_typography-text-transform);--awb-caption-title-line-height:var(--h2_typography-line-height);--awb-caption-title-letter-spacing:var(--h2_typography-letter-spacing);\"><span class=\"fusion-imageframe imageframe-none imageframe-4 hover-type-none has-aspect-ratio\"><img decoding=\"async\" width=\"904\" height=\"960\" alt=\"A pink End Human Trafficking sweater.\" title=\"image1 (1)\" src=\"https:\/\/www.aohagainsttrafficking.ca\/wp-content\/uploads\/2023\/04\/image1-1.jpeg\" class=\"img-responsive wp-image-1732 img-with-aspect-ratio\" data-parent-fit=\"cover\" data-parent-container=\".fusion-image-element\" srcset=\"https:\/\/www.aohagainsttrafficking.ca\/wp-content\/uploads\/2023\/04\/image1-1-200x212.jpeg 200w, https:\/\/www.aohagainsttrafficking.ca\/wp-content\/uploads\/2023\/04\/image1-1-400x425.jpeg 400w, https:\/\/www.aohagainsttrafficking.ca\/wp-content\/uploads\/2023\/04\/image1-1-600x637.jpeg 600w, https:\/\/www.aohagainsttrafficking.ca\/wp-content\/uploads\/2023\/04\/image1-1-800x850.jpeg 800w, https:\/\/www.aohagainsttrafficking.ca\/wp-content\/uploads\/2023\/04\/image1-1.jpeg 904w\" sizes=\"(max-width: 1024px) 100vw, 400px\" \/><\/span><\/div><div class=\"fusion-clearfix\"><\/div><\/div><\/div><div class=\"fusion-layout-column fusion_builder_column fusion-builder-column-6 fusion_builder_column_1_3 1_3 fusion-one-third fusion-column-first\" style=\"--awb-bg-size:cover;width:33.333333333333%;width:calc(33.333333333333% - ( ( 4% + 4% ) * 0.33333333333333 ) );margin-right: 4%;\"><div class=\"fusion-column-wrapper fusion-column-has-shadow fusion-flex-column-wrapper-legacy\"><div class=\"fusion-image-element in-legacy-container\" style=\"--awb-aspect-ratio:1 \/ 1;--awb-caption-title-font-family:var(--h2_typography-font-family);--awb-caption-title-font-weight:var(--h2_typography-font-weight);--awb-caption-title-font-style:var(--h2_typography-font-style);--awb-caption-title-size:var(--h2_typography-font-size);--awb-caption-title-transform:var(--h2_typography-text-transform);--awb-caption-title-line-height:var(--h2_typography-line-height);--awb-caption-title-letter-spacing:var(--h2_typography-letter-spacing);\"><span class=\"fusion-imageframe imageframe-none imageframe-5 hover-type-none has-aspect-ratio\"><img decoding=\"async\" width=\"1500\" height=\"1500\" alt=\"A black End Human Trafficking t-shirt\" title=\"image0 (7)\" src=\"https:\/\/www.aohagainsttrafficking.ca\/wp-content\/uploads\/2023\/04\/image0-7.jpeg\" class=\"img-responsive wp-image-1753 img-with-aspect-ratio\" data-parent-fit=\"cover\" data-parent-container=\".fusion-image-element\" srcset=\"https:\/\/www.aohagainsttrafficking.ca\/wp-content\/uploads\/2023\/04\/image0-7-200x200.jpeg 200w, https:\/\/www.aohagainsttrafficking.ca\/wp-content\/uploads\/2023\/04\/image0-7-400x400.jpeg 400w, https:\/\/www.aohagainsttrafficking.ca\/wp-content\/uploads\/2023\/04\/image0-7-600x600.jpeg 600w, https:\/\/www.aohagainsttrafficking.ca\/wp-content\/uploads\/2023\/04\/image0-7-800x800.jpeg 800w, https:\/\/www.aohagainsttrafficking.ca\/wp-content\/uploads\/2023\/04\/image0-7-1200x1200.jpeg 1200w, https:\/\/www.aohagainsttrafficking.ca\/wp-content\/uploads\/2023\/04\/image0-7.jpeg 1500w\" sizes=\"(max-width: 1024px) 100vw, 400px\" \/><\/span><\/div><div class=\"fusion-clearfix\"><\/div><\/div><\/div><div class=\"fusion-layout-column fusion_builder_column fusion-builder-column-7 fusion_builder_column_1_3 1_3 fusion-one-third\" style=\"--awb-bg-size:cover;width:33.333333333333%;width:calc(33.333333333333% - ( ( 4% + 4% ) * 0.33333333333333 ) );margin-right: 4%;\"><div class=\"fusion-column-wrapper fusion-column-has-shadow fusion-flex-column-wrapper-legacy\"><div class=\"fusion-image-element in-legacy-container\" style=\"--awb-aspect-ratio:1 \/ 1;--awb-caption-title-font-family:var(--h2_typography-font-family);--awb-caption-title-font-weight:var(--h2_typography-font-weight);--awb-caption-title-font-style:var(--h2_typography-font-style);--awb-caption-title-size:var(--h2_typography-font-size);--awb-caption-title-transform:var(--h2_typography-text-transform);--awb-caption-title-line-height:var(--h2_typography-line-height);--awb-caption-title-letter-spacing:var(--h2_typography-letter-spacing);\"><span class=\"fusion-imageframe imageframe-none imageframe-6 hover-type-none has-aspect-ratio\"><img decoding=\"async\" width=\"1500\" height=\"1500\" alt=\"A yellow End Human Trafficking sweater.\" title=\"image2 (2)\" src=\"https:\/\/www.aohagainsttrafficking.ca\/wp-content\/uploads\/2023\/04\/image2-2.jpeg\" class=\"img-responsive wp-image-1751 img-with-aspect-ratio\" data-parent-fit=\"cover\" data-parent-container=\".fusion-image-element\" srcset=\"https:\/\/www.aohagainsttrafficking.ca\/wp-content\/uploads\/2023\/04\/image2-2-200x200.jpeg 200w, https:\/\/www.aohagainsttrafficking.ca\/wp-content\/uploads\/2023\/04\/image2-2-400x400.jpeg 400w, https:\/\/www.aohagainsttrafficking.ca\/wp-content\/uploads\/2023\/04\/image2-2-600x600.jpeg 600w, https:\/\/www.aohagainsttrafficking.ca\/wp-content\/uploads\/2023\/04\/image2-2-800x800.jpeg 800w, https:\/\/www.aohagainsttrafficking.ca\/wp-content\/uploads\/2023\/04\/image2-2-1200x1200.jpeg 1200w, https:\/\/www.aohagainsttrafficking.ca\/wp-content\/uploads\/2023\/04\/image2-2.jpeg 1500w\" sizes=\"(max-width: 1024px) 100vw, 400px\" \/><\/span><\/div><div class=\"fusion-clearfix\"><\/div><\/div><\/div><div class=\"fusion-layout-column fusion_builder_column fusion-builder-column-8 fusion_builder_column_1_3 1_3 fusion-one-third fusion-column-last\" style=\"--awb-bg-size:cover;width:33.333333333333%;width:calc(33.333333333333% - ( ( 4% + 4% ) * 0.33333333333333 ) );\"><div class=\"fusion-column-wrapper fusion-column-has-shadow fusion-flex-column-wrapper-legacy\"><div class=\"fusion-image-element in-legacy-container\" style=\"--awb-aspect-ratio:1 \/ 1;--awb-caption-title-font-family:var(--h2_typography-font-family);--awb-caption-title-font-weight:var(--h2_typography-font-weight);--awb-caption-title-font-style:var(--h2_typography-font-style);--awb-caption-title-size:var(--h2_typography-font-size);--awb-caption-title-transform:var(--h2_typography-text-transform);--awb-caption-title-line-height:var(--h2_typography-line-height);--awb-caption-title-letter-spacing:var(--h2_typography-letter-spacing);\"><span class=\"fusion-imageframe imageframe-none imageframe-7 hover-type-none has-aspect-ratio\"><img decoding=\"async\" width=\"1500\" height=\"1500\" alt=\"A white End Human Trafficking t-shirt.\" title=\"image1 (2)\" src=\"https:\/\/www.aohagainsttrafficking.ca\/wp-content\/uploads\/2023\/04\/image1-2.jpeg\" class=\"img-responsive wp-image-1752 img-with-aspect-ratio\" data-parent-fit=\"cover\" data-parent-container=\".fusion-image-element\" srcset=\"https:\/\/www.aohagainsttrafficking.ca\/wp-content\/uploads\/2023\/04\/image1-2-200x200.jpeg 200w, https:\/\/www.aohagainsttrafficking.ca\/wp-content\/uploads\/2023\/04\/image1-2-400x400.jpeg 400w, https:\/\/www.aohagainsttrafficking.ca\/wp-content\/uploads\/2023\/04\/image1-2-600x600.jpeg 600w, https:\/\/www.aohagainsttrafficking.ca\/wp-content\/uploads\/2023\/04\/image1-2-800x800.jpeg 800w, https:\/\/www.aohagainsttrafficking.ca\/wp-content\/uploads\/2023\/04\/image1-2-1200x1200.jpeg 1200w, https:\/\/www.aohagainsttrafficking.ca\/wp-content\/uploads\/2023\/04\/image1-2.jpeg 1500w\" sizes=\"(max-width: 1024px) 100vw, 400px\" \/><\/span><\/div><div class=\"fusion-clearfix\"><\/div><\/div><\/div><\/div><\/div><\/p>","protected":false},"excerpt":{"rendered":"","protected":false},"author":1,"featured_media":0,"parent":0,"menu_order":0,"comment_status":"closed","ping_status":"closed","template":"100-width.php","meta":{"_monsterinsights_skip_tracking":false,"_monsterinsights_sitenote_active":false,"_monsterinsights_sitenote_note":"","_monsterinsights_sitenote_category":0,"footnotes":""},"class_list":["post-1729","page","type-page","status-publish","hentry"],"aioseo_notices":[],"_links":{"self":[{"href":"https:\/\/www.aohagainsttrafficking.ca\/fr\/wp-json\/wp\/v2\/pages\/1729","targetHints":{"allow":["GET"]}}],"collection":[{"href":"https:\/\/www.aohagainsttrafficking.ca\/fr\/wp-json\/wp\/v2\/pages"}],"about":[{"href":"https:\/\/www.aohagainsttrafficking.ca\/fr\/wp-json\/wp\/v2\/types\/page"}],"author":[{"embeddable":true,"href":"https:\/\/www.aohagainsttrafficking.ca\/fr\/wp-json\/wp\/v2\/users\/1"}],"replies":[{"embeddable":true,"href":"https:\/\/www.aohagainsttrafficking.ca\/fr\/wp-json\/wp\/v2\/comments?post=1729"}],"version-history":[{"count":9,"href":"https:\/\/www.aohagainsttrafficking.ca\/fr\/wp-json\/wp\/v2\/pages\/1729\/revisions"}],"predecessor-version":[{"id":2059,"href":"https:\/\/www.aohagainsttrafficking.ca\/fr\/wp-json\/wp\/v2\/pages\/1729\/revisions\/2059"}],"wp:attachment":[{"href":"https:\/\/www.aohagainsttrafficking.ca\/fr\/wp-json\/wp\/v2\/media?parent=1729"}],"curies":[{"name":"wp","href":"https:\/\/api.w.org\/{rel}","templated":true}]}}