{"id":1638,"date":"2023-03-29T19:40:24","date_gmt":"2023-03-29T19:40:24","guid":{"rendered":"https:\/\/www.aohagainsttrafficking.ca\/?page_id=1638"},"modified":"2023-06-07T00:35:08","modified_gmt":"2023-06-07T00:35:08","slug":"indigenous-counselling-new","status":"publish","type":"page","link":"https:\/\/www.aohagainsttrafficking.ca\/fr\/indigenous-counselling-new\/","title":{"rendered":"Indigenous Counselling -New"},"content":{"rendered":"<p><div class=\"fusion-fullwidth fullwidth-box fusion-builder-row-1 fusion-flex-container has-pattern-background has-mask-background fusion-parallax-none nonhundred-percent-fullwidth non-hundred-percent-height-scrolling\" style=\"--awb-border-radius-top-left:0px;--awb-border-radius-top-right:0px;--awb-border-radius-bottom-right:0px;--awb-border-radius-bottom-left:0px;--awb-margin-top:160px;--awb-min-height:560px;--awb-background-color:var(--awb-custom13);--awb-background-image:url(&quot;https:\/\/www.aohagainsttrafficking.ca\/wp-content\/uploads\/2023\/05\/iStock-1314283888.jpg&quot;);--awb-background-size:cover;--awb-flex-wrap:wrap;\" ><div class=\"fusion-builder-row fusion-row fusion-flex-align-items-flex-start fusion-flex-content-wrap\" style=\"max-width:1216.8px;margin-left: calc(-4% \/ 2 );margin-right: calc(-4% \/ 2 );\"><\/div><\/div><div class=\"fusion-fullwidth fullwidth-box fusion-builder-row-2 fusion-flex-container nonhundred-percent-fullwidth non-hundred-percent-height-scrolling\" style=\"--awb-border-radius-top-left:0px;--awb-border-radius-top-right:0px;--awb-border-radius-bottom-right:0px;--awb-border-radius-bottom-left:0px;--awb-padding-top:50px;--awb-background-color:rgba(237,105,103,0.1);--awb-flex-wrap:wrap;\" ><div class=\"fusion-builder-row fusion-row fusion-flex-align-items-flex-start fusion-flex-content-wrap\" style=\"max-width:1216.8px;margin-left: calc(-4% \/ 2 );margin-right: calc(-4% \/ 2 );\"><div class=\"fusion-layout-column fusion_builder_column fusion-builder-column-0 fusion_builder_column_1_1 1_1 fusion-flex-column\" style=\"--awb-bg-size:cover;--awb-width-large:100%;--awb-margin-top-large:0px;--awb-spacing-right-large:1.92%;--awb-margin-bottom-large:20px;--awb-spacing-left-large:1.92%;--awb-width-medium:100%;--awb-spacing-right-medium:1.92%;--awb-spacing-left-medium:1.92%;--awb-width-small:100%;--awb-spacing-right-small:1.92%;--awb-spacing-left-small:1.92%;\"><div class=\"fusion-column-wrapper fusion-column-has-shadow fusion-flex-justify-content-flex-start fusion-content-layout-column\"><div class=\"fusion-title title fusion-title-1 fusion-sep-none fusion-title-text fusion-title-size-one\"><h1 class=\"fusion-title-heading title-heading-left sm-text-align-center\" style=\"margin:0;\"><h1 style=\"text-align: center;\"><strong>Int\u00e9gration de la culture autochtone dans le counseling<\/strong><\/h1><\/h1><\/div><div class=\"fusion-separator\" style=\"align-self: center;margin-left: auto;margin-right: auto;margin-top:0px;margin-bottom:60px;width:100%;max-width:50%;\"><div class=\"fusion-separator-border sep-single sep-solid\" style=\"--awb-height:20px;--awb-amount:20px;--awb-sep-color:#f6ca7a;border-color:#f6ca7a;border-top-width:3px;\"><\/div><\/div><div class=\"fusion-text fusion-text-1\" style=\"--awb-margin-top:20px;\"><p>Les personnes autochtones au Canada n\u00e9cessitent le type de counseling le plus efficace qui honore leur propre culture. Leur historique de traumatismes exige que la cause profonde soit abord\u00e9e et doit \u00eatre honor\u00e9e pour leur permettre de maintenir une vie \u00e9quilibr\u00e9e. L'approche holistique est la plus efficace, car elle repr\u00e9sente le bien-\u00eatre psychologique, \u00e9motionnel et physique. Une fois que les quatre \u00e9l\u00e9ments sont reconnus, le processus de gu\u00e9rison peut commencer pour une vie plus paisible et durable.<\/p>\n<p>La culture et les enseignements ne feront qu'apporter force et pouvoir aux individus tout au long de leur parcours. La gu\u00e9rison est un chemin difficile, mais r\u00e9alisable, car la r\u00e9silience est inn\u00e9e dans l'esprit fort de notre peuple, renfor\u00e7ant ainsi une base d\u00e9j\u00e0 solide ; nous avons juste besoin de savoir que nous ne sommes pas seul.es.<\/p>\n<\/div><\/div><\/div><\/div><\/div><div class=\"fusion-fullwidth fullwidth-box fusion-builder-row-3 fusion-flex-container has-pattern-background has-mask-background nonhundred-percent-fullwidth non-hundred-percent-height-scrolling\" style=\"--awb-border-radius-top-left:0px;--awb-border-radius-top-right:0px;--awb-border-radius-bottom-right:0px;--awb-border-radius-bottom-left:0px;--awb-flex-wrap:wrap;\" ><div class=\"fusion-builder-row fusion-row fusion-flex-align-items-flex-start fusion-flex-content-wrap\" style=\"max-width:1216.8px;margin-left: calc(-4% \/ 2 );margin-right: calc(-4% \/ 2 );\"><div class=\"fusion-layout-column fusion_builder_column fusion-builder-column-1 fusion_builder_column_1_1 1_1 fusion-flex-column\" style=\"--awb-bg-size:cover;--awb-width-large:100%;--awb-margin-top-large:0px;--awb-spacing-right-large:1.92%;--awb-margin-bottom-large:20px;--awb-spacing-left-large:1.92%;--awb-width-medium:100%;--awb-order-medium:0;--awb-spacing-right-medium:1.92%;--awb-spacing-left-medium:1.92%;--awb-width-small:100%;--awb-order-small:0;--awb-spacing-right-small:1.92%;--awb-spacing-left-small:1.92%;\"><div class=\"fusion-column-wrapper fusion-column-has-shadow fusion-flex-justify-content-flex-start fusion-content-layout-column\"><div class=\"fusion-section-separator section-separator slant fusion-section-separator-1\" style=\"--awb-spacer-height:99px;--awb-svg-margin-left:1.92%;--awb-svg-margin-right:1.92%;--awb-svg-margin-left-medium:1.92%;--awb-svg-margin-right-medium:1.92%;--awb-svg-margin-left-small:1.92%;--awb-svg-margin-right-small:1.92%;--awb-divider-height:99px;--awb-spacer-padding-top:inherit;--awb-sep-padding:0;--awb-svg-padding:0;\"><div class=\"fusion-section-separator-svg\"><svg class=\"fusion-slant-candy\" xmlns=\"http:\/\/www.w3.org\/2000\/svg\" version=\"1.1\" width=\"100%\" height=\"100\" viewbox=\"0 0 100 100\" preserveaspectratio=\"none\" fill=\"rgba(237,105,103,0.1)\"><path d=\"M100 0 L100 100 L0 0 Z\"><\/path><\/svg><\/div><div class=\"fusion-section-separator-spacer\"><div class=\"fusion-section-separator-spacer-height\"><\/div><\/div><\/div><\/div><\/div><div class=\"fusion-layout-column fusion_builder_column fusion-builder-column-2 fusion_builder_column_1_1 1_1 fusion-flex-column\" style=\"--awb-bg-size:cover;--awb-width-large:100%;--awb-margin-top-large:20px;--awb-spacing-right-large:1.92%;--awb-margin-bottom-large:20px;--awb-spacing-left-large:1.92%;--awb-width-medium:100%;--awb-order-medium:0;--awb-spacing-right-medium:1.92%;--awb-spacing-left-medium:1.92%;--awb-width-small:100%;--awb-order-small:0;--awb-spacing-right-small:1.92%;--awb-spacing-left-small:1.92%;\"><div class=\"fusion-column-wrapper fusion-column-has-shadow fusion-flex-justify-content-flex-start fusion-content-layout-column\"><div class=\"fusion-text fusion-text-2\"><p>Depuis la nuit des temps, les peuples autochtones suivent un code humain simple qui, aujourd'hui, est connu sous le nom des enseignements des<strong><em> sept grands-p\u00e8res.&nbsp; <\/em><\/strong><\/p>\n<div class=\"teachings\">\n<p style=\"text-align: left;\"><strong><em>SAGESSE&nbsp; &nbsp; &nbsp; &nbsp; &nbsp; &nbsp; &nbsp; &nbsp; &nbsp; <\/em><\/strong><em>Ch\u00e9rir la connaissance, c\u2019est conna\u00eetre la sagesse.<br \/><\/em><\/p>\n<p style=\"text-align: left;\"><strong><em>AMOUR&nbsp;&nbsp;&nbsp;&nbsp;&nbsp;&nbsp;&nbsp;&nbsp;&nbsp;&nbsp;&nbsp;&nbsp; &nbsp;&nbsp;&nbsp; &nbsp;&nbsp;&nbsp;&nbsp;&nbsp;&nbsp;&nbsp; <\/em><\/strong><em>Conna\u00eetre l\u2019amour, c\u2019est conna\u00eetre la paix.<\/em><\/p>\n<p style=\"text-align: left;\"><strong><em>RESPECT&nbsp;&nbsp;&nbsp;&nbsp;&nbsp;&nbsp;&nbsp;&nbsp;&nbsp;&nbsp;&nbsp;&nbsp;&nbsp;&nbsp;&nbsp;&nbsp;&nbsp; <\/em><\/strong><em>Honorer toute la Cr\u00e9ation, c\u2019est avoir le respect.<\/em><\/p>\n<p style=\"text-align: left;\"><strong><em>COURAGE&nbsp;&nbsp;&nbsp;&nbsp;&nbsp;&nbsp;&nbsp;&nbsp;&nbsp;&nbsp;&nbsp;&nbsp;&nbsp;&nbsp;&nbsp;&nbsp; <\/em><\/strong><em>Le courage, c\u2019est faire face \u00e0 l\u2019ennemi avec int\u00e9grit\u00e9.<\/em><\/p>\n<p style=\"text-align: left;\"><strong><em>HONN\u00caTET\u00c9&nbsp;&nbsp;&nbsp;&nbsp;&nbsp;&nbsp;&nbsp;&nbsp;&nbsp;&nbsp;&nbsp;&nbsp;&nbsp;&nbsp;&nbsp;&nbsp; <\/em><\/strong><em>L\u2019honn\u00eatet\u00e9 signifie \u00e9galement \u00ab droiture \u00bb, soyez d\u2019abord honn\u00eate avec vous-m\u00eames \u2013 dans vos paroles et vos actions.<\/em><\/p>\n<p style=\"text-align: left;\"><strong><em>HUMILIT\u00c9&nbsp;&nbsp;&nbsp;&nbsp;&nbsp;&nbsp;&nbsp;&nbsp;&nbsp;&nbsp;&nbsp;&nbsp;&nbsp;&nbsp;&nbsp; <\/em><\/strong><em>L\u2019humilit\u00e9, c\u2019est savoir qu\u2019on est un \u00e9l\u00e9ment sacr\u00e9 de la Cr\u00e9ation.<\/em><\/p>\n<p style=\"text-align: left;\"><strong><em>V\u00c9RIT\u00c9&nbsp;&nbsp;&nbsp;&nbsp;&nbsp;&nbsp;&nbsp;&nbsp;&nbsp;&nbsp;&nbsp;&nbsp;&nbsp;&nbsp;&nbsp;&nbsp;&nbsp;&nbsp;&nbsp;&nbsp; <\/em><\/strong><em>La v\u00e9rit\u00e9, c\u2019est savoir toutes ces choses.<\/em><strong><em><br \/><\/em><\/strong><\/p>\n<\/div>\n<p>Ces enseignements sont une fa\u00e7on de vivre qui n'est pas seulement r\u00e9alisable, mais englobe les qualit\u00e9s de vie que l'on atteint et maintient facilement, sans effort.<\/p>\n<\/div><\/div><\/div><\/div><\/div><div class=\"fusion-fullwidth fullwidth-box fusion-builder-row-4 fusion-flex-container has-pattern-background has-mask-background nonhundred-percent-fullwidth non-hundred-percent-height-scrolling\" style=\"--awb-border-radius-top-left:0px;--awb-border-radius-top-right:0px;--awb-border-radius-bottom-right:0px;--awb-border-radius-bottom-left:0px;--awb-padding-bottom:50px;--awb-margin-bottom:0px;--awb-background-color:#f6ca7a;--awb-flex-wrap:wrap;\" ><div class=\"fusion-builder-row fusion-row fusion-flex-align-items-center fusion-flex-content-wrap\" style=\"max-width:1216.8px;margin-left: calc(-4% \/ 2 );margin-right: calc(-4% \/ 2 );\"><div class=\"fusion-layout-column fusion_builder_column fusion-builder-column-3 fusion_builder_column_1_1 1_1 fusion-flex-column\" style=\"--awb-bg-size:cover;--awb-width-large:100%;--awb-margin-top-large:0px;--awb-spacing-right-large:1.92%;--awb-margin-bottom-large:20px;--awb-spacing-left-large:1.92%;--awb-width-medium:100%;--awb-order-medium:0;--awb-spacing-right-medium:1.92%;--awb-spacing-left-medium:1.92%;--awb-width-small:100%;--awb-order-small:0;--awb-spacing-right-small:1.92%;--awb-spacing-left-small:1.92%;\"><div class=\"fusion-column-wrapper fusion-column-has-shadow fusion-flex-justify-content-flex-start fusion-content-layout-column\"><div class=\"fusion-section-separator section-separator slant fusion-section-separator-2\" style=\"--awb-spacer-height:99px;--awb-svg-margin-left:1.92%;--awb-svg-margin-right:1.92%;--awb-svg-margin-left-medium:1.92%;--awb-svg-margin-right-medium:1.92%;--awb-svg-margin-left-small:1.92%;--awb-svg-margin-right-small:1.92%;--awb-divider-height:99px;--awb-spacer-padding-top:inherit;--awb-sep-padding:0;--awb-svg-padding:0;\"><div class=\"fusion-section-separator-svg\"><svg class=\"fusion-slant-candy\" xmlns=\"http:\/\/www.w3.org\/2000\/svg\" version=\"1.1\" width=\"100%\" height=\"100\" viewbox=\"0 0 100 100\" preserveaspectratio=\"none\" fill=\"rgba(255,255,255,1)\"><path d=\"M100 0 L100 100 L0 0 Z\"><\/path><\/svg><\/div><div class=\"fusion-section-separator-spacer\"><div class=\"fusion-section-separator-spacer-height\"><\/div><\/div><\/div><\/div><\/div><div class=\"fusion-layout-column fusion_builder_column fusion-builder-column-4 fusion_builder_column_1_2 1_2 fusion-flex-column\" style=\"--awb-bg-size:cover;--awb-width-large:50%;--awb-margin-top-large:20px;--awb-spacing-right-large:3.84%;--awb-margin-bottom-large:20px;--awb-spacing-left-large:3.84%;--awb-width-medium:100%;--awb-order-medium:0;--awb-spacing-right-medium:1.92%;--awb-spacing-left-medium:1.92%;--awb-width-small:100%;--awb-order-small:0;--awb-spacing-right-small:1.92%;--awb-spacing-left-small:1.92%;\"><div class=\"fusion-column-wrapper fusion-column-has-shadow fusion-flex-justify-content-flex-start fusion-content-layout-column\"><div class=\"fusion-text fusion-text-3\"><p>J'esp\u00e8re pouvoir apporter mon soutien en offrant ces enseignements, ainsi que mes connaissances sur les m\u00e9dicaments traditionnels (sauge, tabac, c\u00e8dre et foin d\u2019odeur), que j'ai adopt\u00e9es tout au long de mon propre parcours.<\/p>\n<p>Les m\u00e9dicaments sacr\u00e9s sont offerts partout sur Terre M\u00e8re ; ils viennent simplement sous diff\u00e9rentes formes. Le respect de tous est important, car nous sommes tous des individus. Et aucuns deux individus ne sont les m\u00eames.<\/p>\n<p>Si une situation se pr\u00e9sente o\u00f9 une m\u00e9thode plus approfondie est n\u00e9cessaire, telle qu'une c\u00e9r\u00e9monie, j'ai nou\u00e9 de nombreuses relations au cours de mon parcours qui me permettraient de faire la connexion n\u00e9cessaire pour un tel besoin.<\/p>\n<p>\"Aide\" est un mot simple. L\u2019accueillir est la partie difficile, surtout pour les personnes qui ont d\u00e9j\u00e0 v\u00e9cu le pire que cette vie a \u00e0 offrir. Mon approche est empathique, impartiale, inconditionnelle et solidaire.<\/p>\n<p>Nous marchons tous ensemble dans ce monde ; marchons dans l'unit\u00e9 et la compr\u00e9hension.<\/p>\n<\/div><\/div><\/div><div class=\"fusion-layout-column fusion_builder_column fusion-builder-column-5 fusion_builder_column_1_2 1_2 fusion-flex-column\" style=\"--awb-bg-size:cover;--awb-width-large:50%;--awb-margin-top-large:0px;--awb-spacing-right-large:3.84%;--awb-margin-bottom-large:20px;--awb-spacing-left-large:3.84%;--awb-width-medium:100%;--awb-order-medium:0;--awb-spacing-right-medium:1.92%;--awb-spacing-left-medium:1.92%;--awb-width-small:100%;--awb-order-small:0;--awb-spacing-right-small:1.92%;--awb-spacing-left-small:1.92%;\"><div class=\"fusion-column-wrapper fusion-column-has-shadow fusion-flex-justify-content-flex-start fusion-content-layout-column\"><div class=\"fusion-image-element\" style=\"--awb-caption-title-font-family:var(--h2_typography-font-family);--awb-caption-title-font-weight:var(--h2_typography-font-weight);--awb-caption-title-font-style:var(--h2_typography-font-style);--awb-caption-title-size:var(--h2_typography-font-size);--awb-caption-title-transform:var(--h2_typography-text-transform);--awb-caption-title-line-height:var(--h2_typography-line-height);--awb-caption-title-letter-spacing:var(--h2_typography-letter-spacing);\"><span class=\"fusion-imageframe imageframe-none imageframe-1 hover-type-none\"><img decoding=\"async\" width=\"1080\" height=\"1080\" title=\"January 25 (1)\" src=\"https:\/\/www.aohagainsttrafficking.ca\/wp-content\/uploads\/2024\/04\/Indigenous-1.png\" alt class=\"img-responsive wp-image-2002\" srcset=\"https:\/\/www.aohagainsttrafficking.ca\/wp-content\/uploads\/2024\/04\/Indigenous-1-12x12.png 12w, https:\/\/www.aohagainsttrafficking.ca\/wp-content\/uploads\/2024\/04\/Indigenous-1-66x66.png 66w, https:\/\/www.aohagainsttrafficking.ca\/wp-content\/uploads\/2024\/04\/Indigenous-1-150x150.png 150w, https:\/\/www.aohagainsttrafficking.ca\/wp-content\/uploads\/2024\/04\/Indigenous-1-200x200.png 200w, https:\/\/www.aohagainsttrafficking.ca\/wp-content\/uploads\/2024\/04\/Indigenous-1-300x300.png 300w, https:\/\/www.aohagainsttrafficking.ca\/wp-content\/uploads\/2024\/04\/Indigenous-1-400x400.png 400w, https:\/\/www.aohagainsttrafficking.ca\/wp-content\/uploads\/2024\/04\/Indigenous-1-600x600.png 600w, https:\/\/www.aohagainsttrafficking.ca\/wp-content\/uploads\/2024\/04\/Indigenous-1-768x768.png 768w, https:\/\/www.aohagainsttrafficking.ca\/wp-content\/uploads\/2024\/04\/Indigenous-1-800x800.png 800w, https:\/\/www.aohagainsttrafficking.ca\/wp-content\/uploads\/2024\/04\/Indigenous-1-1024x1024.png 1024w, https:\/\/www.aohagainsttrafficking.ca\/wp-content\/uploads\/2024\/04\/Indigenous-1.png 1080w\" sizes=\"(max-width: 1024px) 100vw, (max-width: 640px) 100vw, 600px\" \/><\/span><\/div><\/div><\/div><\/div><\/div><\/p>","protected":false},"excerpt":{"rendered":"","protected":false},"author":1,"featured_media":0,"parent":0,"menu_order":0,"comment_status":"closed","ping_status":"closed","template":"100-width.php","meta":{"_monsterinsights_skip_tracking":false,"_monsterinsights_sitenote_active":false,"_monsterinsights_sitenote_note":"","_monsterinsights_sitenote_category":0,"footnotes":""},"class_list":["post-1638","page","type-page","status-publish","hentry"],"aioseo_notices":[],"_links":{"self":[{"href":"https:\/\/www.aohagainsttrafficking.ca\/fr\/wp-json\/wp\/v2\/pages\/1638","targetHints":{"allow":["GET"]}}],"collection":[{"href":"https:\/\/www.aohagainsttrafficking.ca\/fr\/wp-json\/wp\/v2\/pages"}],"about":[{"href":"https:\/\/www.aohagainsttrafficking.ca\/fr\/wp-json\/wp\/v2\/types\/page"}],"author":[{"embeddable":true,"href":"https:\/\/www.aohagainsttrafficking.ca\/fr\/wp-json\/wp\/v2\/users\/1"}],"replies":[{"embeddable":true,"href":"https:\/\/www.aohagainsttrafficking.ca\/fr\/wp-json\/wp\/v2\/comments?post=1638"}],"version-history":[{"count":34,"href":"https:\/\/www.aohagainsttrafficking.ca\/fr\/wp-json\/wp\/v2\/pages\/1638\/revisions"}],"predecessor-version":[{"id":2005,"href":"https:\/\/www.aohagainsttrafficking.ca\/fr\/wp-json\/wp\/v2\/pages\/1638\/revisions\/2005"}],"wp:attachment":[{"href":"https:\/\/www.aohagainsttrafficking.ca\/fr\/wp-json\/wp\/v2\/media?parent=1638"}],"curies":[{"name":"wp","href":"https:\/\/api.w.org\/{rel}","templated":true}]}}