{"id":1092,"date":"2023-02-13T22:52:15","date_gmt":"2023-02-13T22:52:15","guid":{"rendered":"https:\/\/www.aohagainsttrafficking.ca\/?page_id=1092"},"modified":"2023-06-08T00:01:53","modified_gmt":"2023-06-08T00:01:53","slug":"court-support-and-legal-education","status":"publish","type":"page","link":"https:\/\/www.aohagainsttrafficking.ca\/fr\/court-support-and-legal-education\/","title":{"rendered":"Accompagnement et \u00e9ducation juridiques"},"content":{"rendered":"<p><div class=\"fusion-fullwidth fullwidth-box fusion-builder-row-1 fusion-flex-container has-pattern-background has-mask-background fusion-parallax-none nonhundred-percent-fullwidth non-hundred-percent-height-scrolling\" style=\"--awb-border-radius-top-left:0px;--awb-border-radius-top-right:0px;--awb-border-radius-bottom-right:0px;--awb-border-radius-bottom-left:0px;--awb-margin-top:160px;--awb-min-height:560px;--awb-background-image:url(&quot;https:\/\/www.aohagainsttrafficking.ca\/wp-content\/uploads\/2023\/03\/pexels-mikhail-nilov-7731402-scaled.jpg&quot;);--awb-background-size:cover;--awb-flex-wrap:wrap;\" ><div class=\"fusion-builder-row fusion-row fusion-flex-align-items-flex-start fusion-flex-content-wrap\" style=\"max-width:1216.8px;margin-left: calc(-4% \/ 2 );margin-right: calc(-4% \/ 2 );\"><\/div><\/div><div class=\"fusion-fullwidth fullwidth-box fusion-builder-row-2 nonhundred-percent-fullwidth non-hundred-percent-height-scrolling\" style=\"--awb-border-radius-top-left:0px;--awb-border-radius-top-right:0px;--awb-border-radius-bottom-right:0px;--awb-border-radius-bottom-left:0px;--awb-padding-top:50px;--awb-padding-right:45px;--awb-padding-bottom:0px;--awb-padding-left:45px;--awb-margin-top:0px;--awb-margin-bottom:0px;--awb-flex-wrap:wrap;\" ><div class=\"fusion-builder-row fusion-row\"><div class=\"fusion-layout-column fusion_builder_column fusion-builder-column-0 fusion_builder_column_1_2 1_2 fusion-one-half fusion-column-first\" style=\"--awb-bg-size:cover;width:50%;width:calc(50% - ( ( 4% ) * 0.5 ) );margin-right: 4%;\"><div class=\"fusion-column-wrapper fusion-column-has-shadow fusion-flex-column-wrapper-legacy\"><div class=\"fusion-text fusion-text-1\"><h1><strong>Accompagnement et \u00e9ducation juridiques <\/strong><\/h1>\n<\/div><div class=\"fusion-sep-clear\"><\/div><div class=\"fusion-separator fusion-clearfix\" style=\"float:left;margin-top:0px;margin-bottom:40px;width:100%;max-width:200px;\"><div class=\"fusion-separator-border sep-single sep-solid\" style=\"--awb-height:20px;--awb-amount:20px;--awb-sep-color:#fec96b;border-color:#fec96b;border-top-width:3px;\"><\/div><\/div><div class=\"fusion-sep-clear\"><\/div><div class=\"fusion-text fusion-text-2\"><p>Avec le soutien financier de la Fondation du droit de l'Ontario, AOH fournit un accompagnement et des informations juridiques aux survivant.es de la traite de personnes sur la mani\u00e8re de naviguer le syst\u00e8me p\u00e9nal et sur les protections l\u00e9gales disponibles, telles que les am\u00e9nagements pour les d\u00e9clarations, les ordonnances de ne pas faire\/engagements de ne pas troubler l'ordre public, les aides aux t\u00e9moignages, les d\u00e9clarations de la victime et les poursuites civiles. Toute personne survivante est invit\u00e9e \u00e0 rencontrer le personnel d\u2019AOH pour recevoir des informations sur le processus judiciaire, se pr\u00e9parer aux proc\u00e9dures judiciaires, et recevoir des conseils et un aiguillage vers d'autres organismes communautaires pour la gu\u00e9rison. Dans le cadre de ce nouveau financement, le personnel d\u2019AOH peut \u00e9galement assister aux proc\u00e9dures judiciaires avec les survivant.es pour leur fournir du soutien et de l\u2019accompagnement. Le personnel d\u2019AOH plaidera \u00e9galement en faveur des personnes survivantes pour qu\u2019elles aient acc\u00e8s \u00e0 des conseils juridiques de la part d'avocats b\u00e9n\u00e9voles et de l'aide juridique en Ontario.<\/p>\n<\/div><div class=\"fusion-clearfix\"><\/div><\/div><\/div><div class=\"fusion-layout-column fusion_builder_column fusion-builder-column-1 fusion_builder_column_1_2 1_2 fusion-one-half fusion-column-last\" style=\"--awb-bg-size:cover;width:50%;width:calc(50% - ( ( 4% ) * 0.5 ) );\"><div class=\"fusion-column-wrapper fusion-column-has-shadow fusion-flex-column-wrapper-legacy\"><div class=\"fusion-image-element in-legacy-container\" style=\"--awb-caption-title-font-family:var(--h2_typography-font-family);--awb-caption-title-font-weight:var(--h2_typography-font-weight);--awb-caption-title-font-style:var(--h2_typography-font-style);--awb-caption-title-size:var(--h2_typography-font-size);--awb-caption-title-transform:var(--h2_typography-text-transform);--awb-caption-title-line-height:var(--h2_typography-line-height);--awb-caption-title-letter-spacing:var(--h2_typography-letter-spacing);\"><span class=\"fusion-imageframe imageframe-none imageframe-1 hover-type-none\"><img decoding=\"async\" width=\"1080\" height=\"1080\" title=\"January 4\" src=\"https:\/\/www.aohagainsttrafficking.ca\/wp-content\/uploads\/2024\/04\/Court-1.png\" alt class=\"img-responsive wp-image-1532\" srcset=\"https:\/\/www.aohagainsttrafficking.ca\/wp-content\/uploads\/2024\/04\/Court-1-12x12.png 12w, https:\/\/www.aohagainsttrafficking.ca\/wp-content\/uploads\/2024\/04\/Court-1-66x66.png 66w, https:\/\/www.aohagainsttrafficking.ca\/wp-content\/uploads\/2024\/04\/Court-1-150x150.png 150w, https:\/\/www.aohagainsttrafficking.ca\/wp-content\/uploads\/2024\/04\/Court-1-200x200.png 200w, https:\/\/www.aohagainsttrafficking.ca\/wp-content\/uploads\/2024\/04\/Court-1-300x300.png 300w, https:\/\/www.aohagainsttrafficking.ca\/wp-content\/uploads\/2024\/04\/Court-1-400x400.png 400w, https:\/\/www.aohagainsttrafficking.ca\/wp-content\/uploads\/2024\/04\/Court-1-600x600.png 600w, https:\/\/www.aohagainsttrafficking.ca\/wp-content\/uploads\/2024\/04\/Court-1-768x768.png 768w, https:\/\/www.aohagainsttrafficking.ca\/wp-content\/uploads\/2024\/04\/Court-1-800x800.png 800w, https:\/\/www.aohagainsttrafficking.ca\/wp-content\/uploads\/2024\/04\/Court-1-1024x1024.png 1024w, https:\/\/www.aohagainsttrafficking.ca\/wp-content\/uploads\/2024\/04\/Court-1.png 1080w\" sizes=\"(max-width: 1024px) 100vw, 600px\" \/><\/span><\/div><div class=\"fusion-clearfix\"><\/div><\/div><\/div><div class=\"fusion-layout-column fusion_builder_column fusion-builder-column-2 fusion_builder_column_1_1 1_1 fusion-one-full fusion-column-first fusion-column-last\" style=\"--awb-padding-top:15px;--awb-bg-size:cover;--awb-margin-bottom:0px;\"><div class=\"fusion-column-wrapper fusion-column-has-shadow fusion-flex-column-wrapper-legacy\"><div class=\"fusion-title title fusion-title-1 fusion-sep-none fusion-title-text fusion-title-size-two legal-title-callout\" style=\"--awb-font-size:30px;\"><h2 class=\"fusion-title-heading title-heading-left translation-block\" style=\"margin:0;font-size:1em;\">Veuillez contacter AOH au 705-822-8630 ou par courriel au  <a href=\"mailto:help@aohagainsttrafficking.ca\" target=\"_self\">help@aohagainsttrafficking.ca<\/a> pour prendre rendez-vous avec un.e pr\u00e9pos\u00e9.e \u00e0 l\u2019admission.<\/h2><\/div><div class=\"fusion-clearfix\"><\/div><\/div><\/div><div class=\"fusion-layout-column fusion_builder_column fusion-builder-column-3 fusion_builder_column_1_1 1_1 fusion-one-full fusion-column-first fusion-column-last\" style=\"--awb-bg-size:cover;--awb-margin-bottom:0px;\"><div class=\"fusion-column-wrapper fusion-column-has-shadow fusion-flex-column-wrapper-legacy\"><div class=\"fusion-section-separator section-separator slant fusion-section-separator-1\" style=\"--awb-spacer-height:99px;--awb-svg-margin-left:0;--awb-svg-margin-right:0;--awb-divider-height:99px;--awb-spacer-padding-top:inherit;--awb-sep-padding:0;--awb-svg-padding:0;--awb-svg-tag-margin-bottom:-3px;--awb-sep-svg-display:block;\"><div class=\"fusion-section-separator-svg\"><svg class=\"fusion-slant-candy\" xmlns=\"http:\/\/www.w3.org\/2000\/svg\" version=\"1.1\" width=\"100%\" height=\"100\" viewbox=\"0 0 100 100\" preserveaspectratio=\"none\" fill=\"rgba(237,105,103,0.1)\"><path d=\"M100 0 L0 100 L101 100 Z\"><\/path><\/svg><\/div><div class=\"fusion-section-separator-spacer\"><div class=\"fusion-section-separator-spacer-height\"><\/div><\/div><\/div><div class=\"fusion-clearfix\"><\/div><\/div><\/div><\/div><\/div><div class=\"fusion-fullwidth fullwidth-box fusion-builder-row-3 fusion-flex-container has-pattern-background has-mask-background nonhundred-percent-fullwidth non-hundred-percent-height-scrolling\" style=\"--awb-border-radius-top-left:0px;--awb-border-radius-top-right:0px;--awb-border-radius-bottom-right:0px;--awb-border-radius-bottom-left:0px;--awb-padding-top:25px;--awb-background-color:rgba(237,105,103,0.1);--awb-flex-wrap:wrap;\" ><div class=\"fusion-builder-row fusion-row fusion-flex-align-items-flex-start fusion-flex-content-wrap\" style=\"max-width:1216.8px;margin-left: calc(-4% \/ 2 );margin-right: calc(-4% \/ 2 );\"><\/div><\/div><div class=\"fusion-fullwidth fullwidth-box fusion-builder-row-4 fusion-flex-container nonhundred-percent-fullwidth non-hundred-percent-height-scrolling\" style=\"--awb-border-radius-top-left:0px;--awb-border-radius-top-right:0px;--awb-border-radius-bottom-right:0px;--awb-border-radius-bottom-left:0px;--awb-padding-top:0px;--awb-padding-bottom:50px;--awb-margin-bottom:0px;--awb-background-color:rgba(237,105,103,0.1);--awb-flex-wrap:wrap;\" ><div class=\"fusion-builder-row fusion-row fusion-flex-align-items-flex-start fusion-flex-content-wrap\" style=\"max-width:1216.8px;margin-left: calc(-4% \/ 2 );margin-right: calc(-4% \/ 2 );\"><div class=\"fusion-layout-column fusion_builder_column fusion-builder-column-4 fusion_builder_column_1_2 1_2 fusion-flex-column\" style=\"--awb-bg-size:cover;--awb-width-large:50%;--awb-margin-top-large:0px;--awb-spacing-right-large:3.84%;--awb-margin-bottom-large:20px;--awb-spacing-left-large:3.84%;--awb-width-medium:100%;--awb-spacing-right-medium:1.92%;--awb-spacing-left-medium:1.92%;--awb-width-small:100%;--awb-spacing-right-small:1.92%;--awb-spacing-left-small:1.92%;\"><div class=\"fusion-column-wrapper fusion-column-has-shadow fusion-flex-justify-content-flex-start fusion-content-layout-column\"><div class=\"fusion-image-element\" style=\"text-align:center;--awb-liftup-border-radius:0px;--awb-caption-title-font-family:var(--h2_typography-font-family);--awb-caption-title-font-weight:var(--h2_typography-font-weight);--awb-caption-title-font-style:var(--h2_typography-font-style);--awb-caption-title-size:var(--h2_typography-font-size);--awb-caption-title-transform:var(--h2_typography-text-transform);--awb-caption-title-line-height:var(--h2_typography-line-height);--awb-caption-title-letter-spacing:var(--h2_typography-letter-spacing);\"><div class=\"awb-image-frame awb-image-frame-2 imageframe-liftup\"><span class=\"fusion-imageframe imageframe-none imageframe-2\"><a class=\"fusion-no-lightbox\" href=\"https:\/\/www.aohagainsttrafficking.ca\/wp-content\/uploads\/2024\/04\/Court-2.png\" target=\"_blank\" aria-label=\"Rise Infograph\" rel=\"noopener noreferrer\"><img decoding=\"async\" width=\"1000\" height=\"1294\" src=\"https:\/\/www.aohagainsttrafficking.ca\/wp-content\/uploads\/2024\/04\/Court-2.png\" alt class=\"img-responsive wp-image-1095\" srcset=\"https:\/\/www.aohagainsttrafficking.ca\/wp-content\/uploads\/2024\/04\/Court-2-9x12.png 9w, https:\/\/www.aohagainsttrafficking.ca\/wp-content\/uploads\/2024\/04\/Court-2-200x259.png 200w, https:\/\/www.aohagainsttrafficking.ca\/wp-content\/uploads\/2024\/04\/Court-2-232x300.png 232w, https:\/\/www.aohagainsttrafficking.ca\/wp-content\/uploads\/2024\/04\/Court-2-400x518.png 400w, https:\/\/www.aohagainsttrafficking.ca\/wp-content\/uploads\/2024\/04\/Court-2-600x776.png 600w, https:\/\/www.aohagainsttrafficking.ca\/wp-content\/uploads\/2024\/04\/Court-2-768x994.png 768w, https:\/\/www.aohagainsttrafficking.ca\/wp-content\/uploads\/2024\/04\/Court-2-791x1024.png 791w, https:\/\/www.aohagainsttrafficking.ca\/wp-content\/uploads\/2024\/04\/Court-2-800x1035.png 800w, https:\/\/www.aohagainsttrafficking.ca\/wp-content\/uploads\/2024\/04\/Court-2-1187x1536.png 1187w, https:\/\/www.aohagainsttrafficking.ca\/wp-content\/uploads\/2024\/04\/Court-2-1200x1553.png 1200w, https:\/\/www.aohagainsttrafficking.ca\/wp-content\/uploads\/2024\/04\/Court-2.png 1276w\" sizes=\"(max-width: 1024px) 100vw, (max-width: 640px) 100vw, 600px\" \/><\/a><\/span><\/div><\/div><\/div><\/div><div class=\"fusion-layout-column fusion_builder_column fusion-builder-column-5 fusion_builder_column_1_2 1_2 fusion-flex-column fusion-flex-align-self-center\" style=\"--awb-bg-size:cover;--awb-width-large:50%;--awb-margin-top-large:0px;--awb-spacing-right-large:3.84%;--awb-margin-bottom-large:40px;--awb-spacing-left-large:3.84%;--awb-width-medium:100%;--awb-margin-top-medium:45px;--awb-spacing-right-medium:1.92%;--awb-spacing-left-medium:1.92%;--awb-width-small:100%;--awb-margin-top-small:0px;--awb-spacing-right-small:1.92%;--awb-spacing-left-small:1.92%;\"><div class=\"fusion-column-wrapper fusion-column-has-shadow fusion-flex-justify-content-center fusion-content-layout-column\"><div class=\"fusion-title title fusion-title-2 fusion-sep-none fusion-title-text fusion-title-size-two\" style=\"--awb-margin-top:20px;--awb-margin-bottom:30px;--awb-margin-top-small:50px;--awb-margin-bottom-small:30px;--awb-margin-bottom-medium:20px;\"><h2 class=\"fusion-title-heading title-heading-left\" style=\"margin:0;\"><p class=\"translation-block\"><strong>Ressources d\u2019informations juridiques<\/strong><\/p><\/h2><\/div><div class=\"fusion-text fusion-text-3 fusion-text-no-margin\" style=\"--awb-margin-bottom:0px;\"><p>AOH a d\u00e9velopp\u00e9 des ressources num\u00e9riques et imprim\u00e9es, dans les deux langues officielles, pour soutenir les personnes survivantes et les fournisseurs de services travaillant aupr\u00e8s des survivant.es, sur les lois encadrant la traite de personnes, les droits des survivant.es, \u00e0 quoi s'attendre du processus judiciaire, ainsi que les techniques d'autosoins. Les ressources comprennent des vid\u00e9os, des brochures imprim\u00e9es et num\u00e9riques, ainsi que des fiches d'information pr\u00e9sentant \u00e0 quoi s'attendre lorsqu'on traverse le syst\u00e8me judiciaire en tant que survivant.e de la traite de personnes.<\/p>\n<\/div><\/div><\/div><div class=\"fusion-layout-column fusion_builder_column fusion-builder-column-6 fusion_builder_column_1_2 1_2 fusion-flex-column\" style=\"--awb-bg-size:cover;--awb-width-large:50%;--awb-margin-top-large:30px;--awb-spacing-right-large:3.84%;--awb-margin-bottom-large:40px;--awb-spacing-left-large:3.84%;--awb-width-medium:50%;--awb-spacing-right-medium:3.84%;--awb-margin-bottom-medium:21px;--awb-spacing-left-medium:3.84%;--awb-width-small:100%;--awb-margin-top-small:0px;--awb-spacing-right-small:1.92%;--awb-spacing-left-small:1.92%;\" id=\"english-resources\"><div class=\"fusion-column-wrapper fusion-column-has-shadow fusion-flex-justify-content-flex-start fusion-content-layout-column\"><div class=\"fusion-text fusion-text-4\"><p><strong>Cliquez les boutons ci-dessous pour t\u00e9l\u00e9charger les ressources (anglais)<\/strong><\/p>\n<\/div><div style=\"text-align:left;\"><a class=\"fusion-button button-flat fusion-button-default-size button-custom fusion-button-default button-1 fusion-button-default-span fusion-button-default-type\" style=\"--button_accent_color:#ffffff;--button_accent_hover_color:#ffffff;--button_border_hover_color:#ffffff;--button_gradient_top_color:#019be1;--button_gradient_bottom_color:#019be1;--button_gradient_top_color_hover:#000000;--button_gradient_bottom_color_hover:#000000;--button_margin-bottom:30px;\" target=\"_blank\" rel=\"noopener noreferrer\" href=\"https:\/\/www.aohagainsttrafficking.ca\/wp-content\/uploads\/2023\/06\/BingoSheet5-grammar-edit.pdf\"><i class=\"fa-file-pdf fas awb-button__icon awb-button__icon--default button-icon-left\" aria-hidden=\"true\"><\/i><span class=\"fusion-button-text awb-button__text awb-button__text--default\">SELF CARE BINGO (English)<\/span><\/a><\/div><div style=\"text-align:left;\"><a class=\"fusion-button button-flat fusion-button-default-size button-custom fusion-button-default button-2 fusion-button-default-span fusion-button-default-type\" style=\"--button_accent_color:#ffffff;--button_accent_hover_color:#ffffff;--button_border_hover_color:#ffffff;--button_gradient_top_color:#019be1;--button_gradient_bottom_color:#019be1;--button_gradient_top_color_hover:#000000;--button_gradient_bottom_color_hover:#000000;--button_margin-bottom:30px;\" target=\"_blank\" rel=\"noopener noreferrer\" href=\"https:\/\/www.aohagainsttrafficking.ca\/wp-content\/uploads\/2023\/06\/STOPHT-fact-sheet_grammar-edit.pdf\"><i class=\"fa-file-alt fas awb-button__icon awb-button__icon--default button-icon-left\" aria-hidden=\"true\"><\/i><span class=\"fusion-button-text awb-button__text awb-button__text--default\">Fact Sheet &#8211; Stop Human Trafficking<\/span><\/a><\/div><div style=\"text-align:left;\"><a class=\"fusion-button button-flat fusion-button-default-size button-custom fusion-button-default button-3 fusion-button-default-span fusion-button-default-type\" style=\"--button_accent_color:#ffffff;--button_accent_hover_color:#ffffff;--button_border_hover_color:#ffffff;--button_gradient_top_color:#019be1;--button_gradient_bottom_color:#019be1;--button_gradient_top_color_hover:#000000;--button_gradient_bottom_color_hover:#000000;--button_margin-bottom:30px;\" target=\"_blank\" rel=\"noopener noreferrer\" href=\"https:\/\/www.aohagainsttrafficking.ca\/wp-content\/uploads\/2023\/06\/HT-Laws-FactSheet-Grammar.pdf\"><i class=\"fa-file-alt fas awb-button__icon awb-button__icon--default button-icon-left\" aria-hidden=\"true\"><\/i><span class=\"fusion-button-text awb-button__text awb-button__text--default\">Fact Sheet &#8211; Human Trafficking Laws and Survivors&#8217; Rights in Canada<\/span><\/a><\/div><div style=\"text-align:left;\"><a class=\"fusion-button button-flat fusion-button-default-size button-custom fusion-button-default button-4 fusion-button-default-span fusion-button-default-type\" style=\"--button_accent_color:#ffffff;--button_accent_hover_color:#ffffff;--button_border_hover_color:#ffffff;--button_gradient_top_color:#019be1;--button_gradient_bottom_color:#019be1;--button_gradient_top_color_hover:#000000;--button_gradient_bottom_color_hover:#000000;--button_margin-bottom:30px;\" target=\"_blank\" rel=\"noopener noreferrer\" href=\"https:\/\/www.aohagainsttrafficking.ca\/wp-content\/uploads\/2023\/04\/Fact-Sheet_-What-Survivors-of-Human-Trafficking-Should-Expect-from-the-Criminal-Legal-Process.pdf\"><i class=\"fa-file-alt fas awb-button__icon awb-button__icon--default button-icon-left\" aria-hidden=\"true\"><\/i><span class=\"fusion-button-text awb-button__text awb-button__text--default\">Fact Sheet &#8211; What Survivors of Human Trafficking Should Expect from the Criminal Legal Process<\/span><\/a><\/div><\/div><\/div><div class=\"fusion-layout-column fusion_builder_column fusion-builder-column-7 fusion_builder_column_1_2 1_2 fusion-flex-column\" style=\"--awb-bg-size:cover;--awb-width-large:50%;--awb-margin-top-large:30px;--awb-spacing-right-large:3.84%;--awb-margin-bottom-large:20px;--awb-spacing-left-large:3.84%;--awb-width-medium:50%;--awb-spacing-right-medium:3.84%;--awb-spacing-left-medium:3.84%;--awb-width-small:100%;--awb-margin-top-small:0px;--awb-spacing-right-small:1.92%;--awb-margin-bottom-small:0px;--awb-spacing-left-small:1.92%;\"><div class=\"fusion-column-wrapper fusion-column-has-shadow fusion-flex-justify-content-flex-start fusion-content-layout-column\"><div class=\"fusion-text fusion-text-5\"><p><strong>Cliquez les boutons ci-dessous pour t\u00e9l\u00e9charger les ressources (fran\u00e7ais)<\/strong><\/p>\n<\/div><div style=\"text-align:left;\"><a class=\"fusion-button button-flat fusion-button-default-size button-custom fusion-button-default button-5 fusion-button-default-span fusion-button-default-type\" style=\"--button_accent_color:#ffffff;--button_accent_hover_color:#ffffff;--button_border_hover_color:#ffffff;--button_gradient_top_color:#019be1;--button_gradient_bottom_color:#019be1;--button_gradient_top_color_hover:#000000;--button_gradient_bottom_color_hover:#000000;--button_margin-bottom:30px;\" target=\"_blank\" rel=\"noopener noreferrer\" href=\"https:\/\/www.aohagainsttrafficking.ca\/wp-content\/uploads\/2023\/02\/BingoSheet-French.pdf\"><i class=\"fa-file-pdf fas awb-button__icon awb-button__icon--default button-icon-left\" aria-hidden=\"true\"><\/i><span class=\"fusion-button-text awb-button__text awb-button__text--default\">Bingo D&#8217;Autosoins<\/span><\/a><\/div><div style=\"text-align:left;\"><a class=\"fusion-button button-flat fusion-button-default-size button-custom fusion-button-default button-6 fusion-button-default-span fusion-button-default-type\" style=\"--button_accent_color:#ffffff;--button_accent_hover_color:#ffffff;--button_border_hover_color:#ffffff;--button_gradient_top_color:#019be1;--button_gradient_bottom_color:#019be1;--button_gradient_top_color_hover:#000000;--button_gradient_bottom_color_hover:#000000;--button_margin-bottom:30px;\" target=\"_blank\" rel=\"noopener noreferrer\" href=\"https:\/\/www.aohagainsttrafficking.ca\/wp-content\/uploads\/2023\/04\/Fiche-dinformation_-METTRE-FIN-A-LA-TRAITE-DES-PERSONNES.pdf\"><i class=\"fa-file-alt fas awb-button__icon awb-button__icon--default button-icon-left\" aria-hidden=\"true\"><\/i><span class=\"fusion-button-text awb-button__text awb-button__text--default\">Fiche d\u2019information &#8211; METTRE FIN \u00c0 LA TRAITE DES PERSONNES<\/span><\/a><\/div><div style=\"text-align:left;\"><a class=\"fusion-button button-flat fusion-button-default-size button-custom fusion-button-default button-7 fusion-button-default-span fusion-button-default-type\" style=\"--button_accent_color:#ffffff;--button_accent_hover_color:#ffffff;--button_border_hover_color:#ffffff;--button_gradient_top_color:#019be1;--button_gradient_bottom_color:#019be1;--button_gradient_top_color_hover:#000000;--button_gradient_bottom_color_hover:#000000;--button_margin-bottom:30px;\" target=\"_blank\" rel=\"noopener noreferrer\" href=\"https:\/\/www.aohagainsttrafficking.ca\/wp-content\/uploads\/2023\/04\/Fiche-dinformation_-Lois-relatives-a-la-traite-des-personnes-et-droits-des-personnes-survivantes.pdf\"><i class=\"fa-file-alt fas awb-button__icon awb-button__icon--default button-icon-left\" aria-hidden=\"true\"><\/i><span class=\"fusion-button-text awb-button__text awb-button__text--default\">Fiche d&#8217;information &#8211; Lois relatives \u00e0 la traite des personnes et droits des personnes survivantes<\/span><\/a><\/div><div style=\"text-align:left;\"><a class=\"fusion-button button-flat fusion-button-default-size button-custom fusion-button-default button-8 fusion-button-default-span fusion-button-default-type\" style=\"--button_accent_color:#ffffff;--button_accent_hover_color:#ffffff;--button_border_hover_color:#ffffff;--button_gradient_top_color:#019be1;--button_gradient_bottom_color:#019be1;--button_gradient_top_color_hover:#000000;--button_gradient_bottom_color_hover:#000000;--button_margin-bottom:30px;\" target=\"_blank\" rel=\"noopener noreferrer\" href=\"https:\/\/www.aohagainsttrafficking.ca\/wp-content\/uploads\/2023\/04\/Fiche-dinformation_-A-quoi-les-survivant.es-de-la-traite-des-personnes-peuvent-sattendre-du-processus-judiciaire.pdf\"><i class=\"fa-file-alt fas awb-button__icon awb-button__icon--default button-icon-left\" aria-hidden=\"true\"><\/i><span class=\"fusion-button-text awb-button__text awb-button__text--default\">Fiche d&#8217;information &#8211; \u00c0 quoi les survivant.es de la traite des personnes peuvent s\u2019attendre du processus judiciaire<\/span><\/a><\/div><\/div><\/div><\/div><\/div><\/p>","protected":false},"excerpt":{"rendered":"","protected":false},"author":1,"featured_media":0,"parent":0,"menu_order":0,"comment_status":"closed","ping_status":"closed","template":"100-width.php","meta":{"_monsterinsights_skip_tracking":false,"_monsterinsights_sitenote_active":false,"_monsterinsights_sitenote_note":"","_monsterinsights_sitenote_category":0,"footnotes":""},"class_list":["post-1092","page","type-page","status-publish","hentry"],"aioseo_notices":[],"_links":{"self":[{"href":"https:\/\/www.aohagainsttrafficking.ca\/fr\/wp-json\/wp\/v2\/pages\/1092","targetHints":{"allow":["GET"]}}],"collection":[{"href":"https:\/\/www.aohagainsttrafficking.ca\/fr\/wp-json\/wp\/v2\/pages"}],"about":[{"href":"https:\/\/www.aohagainsttrafficking.ca\/fr\/wp-json\/wp\/v2\/types\/page"}],"author":[{"embeddable":true,"href":"https:\/\/www.aohagainsttrafficking.ca\/fr\/wp-json\/wp\/v2\/users\/1"}],"replies":[{"embeddable":true,"href":"https:\/\/www.aohagainsttrafficking.ca\/fr\/wp-json\/wp\/v2\/comments?post=1092"}],"version-history":[{"count":9,"href":"https:\/\/www.aohagainsttrafficking.ca\/fr\/wp-json\/wp\/v2\/pages\/1092\/revisions"}],"predecessor-version":[{"id":2021,"href":"https:\/\/www.aohagainsttrafficking.ca\/fr\/wp-json\/wp\/v2\/pages\/1092\/revisions\/2021"}],"wp:attachment":[{"href":"https:\/\/www.aohagainsttrafficking.ca\/fr\/wp-json\/wp\/v2\/media?parent=1092"}],"curies":[{"name":"wp","href":"https:\/\/api.w.org\/{rel}","templated":true}]}}