{"id":1010,"date":"2021-07-27T16:57:45","date_gmt":"2021-07-27T16:57:45","guid":{"rendered":"https:\/\/www.aohagainsttrafficking.ca\/?page_id=1010"},"modified":"2023-06-08T01:19:06","modified_gmt":"2023-06-08T01:19:06","slug":"about-us","status":"publish","type":"page","link":"https:\/\/www.aohagainsttrafficking.ca\/fr\/about-us\/","title":{"rendered":"\u00c0 propos de nous"},"content":{"rendered":"<p><div class=\"fusion-fullwidth fullwidth-box fusion-builder-row-1 fusion-flex-container has-pattern-background has-mask-background fusion-parallax-none nonhundred-percent-fullwidth non-hundred-percent-height-scrolling about-hero\" style=\"--awb-background-position:left center;--awb-border-radius-top-left:0px;--awb-border-radius-top-right:0px;--awb-border-radius-bottom-right:0px;--awb-border-radius-bottom-left:0px;--awb-margin-top:160px;--awb-min-height:560px;--awb-background-image:url(&quot;https:\/\/www.aohagainsttrafficking.ca\/wp-content\/uploads\/2023\/05\/Untitled-design-3.png&quot;);--awb-background-size:cover;--awb-flex-wrap:wrap;\" ><div class=\"fusion-builder-row fusion-row fusion-flex-align-items-flex-start fusion-flex-content-wrap\" style=\"max-width:1216.8px;margin-left: calc(-4% \/ 2 );margin-right: calc(-4% \/ 2 );\"><\/div><\/div><div class=\"fusion-fullwidth fullwidth-box fusion-builder-row-2 fusion-flex-container nonhundred-percent-fullwidth non-hundred-percent-height-scrolling\" style=\"--awb-border-radius-top-left:0px;--awb-border-radius-top-right:0px;--awb-border-radius-bottom-right:0px;--awb-border-radius-bottom-left:0px;--awb-padding-top:51px;--awb-padding-right:45px;--awb-padding-bottom:47px;--awb-padding-left:45px;--awb-margin-top:0px;--awb-margin-bottom:35px;--awb-flex-wrap:wrap;\" ><div class=\"fusion-builder-row fusion-row fusion-flex-align-items-stretch fusion-flex-content-wrap\" style=\"max-width:1216.8px;margin-left: calc(-4% \/ 2 );margin-right: calc(-4% \/ 2 );\"><div class=\"fusion-layout-column fusion_builder_column fusion-builder-column-0 fusion_builder_column_1_2 1_2 fusion-flex-column fusion-flex-align-self-flex-end\" style=\"--awb-bg-size:cover;--awb-width-large:50%;--awb-margin-top-large:0px;--awb-spacing-right-large:3.84%;--awb-margin-bottom-large:0px;--awb-spacing-left-large:3.84%;--awb-width-medium:100%;--awb-order-medium:0;--awb-spacing-right-medium:1.92%;--awb-spacing-left-medium:1.92%;--awb-width-small:100%;--awb-spacing-right-small:1.92%;--awb-spacing-left-small:1.92%;\"><div class=\"fusion-column-wrapper fusion-column-has-shadow fusion-flex-justify-content-center fusion-content-layout-column\"><div class=\"fusion-title title fusion-title-1 fusion-sep-none fusion-title-text fusion-title-size-one\" style=\"--awb-sep-color:var(--awb-custom13);\"><h1 class=\"fusion-title-heading title-heading-left\" style=\"margin:0;\"><strong>\u00c0 propos de nous<\/strong><\/h1><\/div><div class=\"fusion-separator\" style=\"align-self: flex-start;margin-right:auto;margin-top:-10px;margin-bottom:40px;width:100%;max-width:200px;\"><div class=\"fusion-separator-border sep-single sep-solid\" style=\"--awb-height:20px;--awb-amount:20px;--awb-sep-color:var(--awb-custom13);border-color:var(--awb-custom13);border-top-width:3px;\"><\/div><\/div><div class=\"fusion-text fusion-text-1\"><p>Angels of Hope Against Human Trafficking (AOH) est un organisme de bienfaisance enregistr\u00e9 offrant un soutien bilingue \u00e0 long terme aux survivant.es de la traite de personnes et de l'exploitation sexuelle, de tous \u00e2ges et de tous horizons. En utilisant des approches de r\u00e9duction des m\u00e9faits pour la gu\u00e9rison et la r\u00e9habilitation, AOH travaille avec les personnes survivantes en Ontario pour les aider dans leur transition vers une vie positive et ind\u00e9pendante en fournissant des services int\u00e9gr\u00e9s et coordonn\u00e9s tels que du counseling en sant\u00e9 mentale et en d\u00e9pendances, une gestion de cas individuelle et des s\u00e9ances virtuelles sur les comp\u00e9tences de vie anim\u00e9es par des personnes survivantes.<\/p>\n<p>AOH offre \u00e9galement de l\u2019accompagnement, du soutien, de la sensibilisation et du counseling aux proches de personnes survivantes, ainsi que de l\u2019aiguillage vers des organismes communautaires. Les proches et les syst\u00e8mes de soutien des personnes survivantes sont inclus puisque des recherches ont d\u00e9montr\u00e9 que le retour vers la famille et la communaut\u00e9 est essentiel pour aider les personnes survivantes \u00e0 reconstruire des relations saines.<\/p>\n<\/div><\/div><\/div><div class=\"fusion-layout-column fusion_builder_column fusion-builder-column-1 fusion_builder_column_1_2 1_2 fusion-flex-column fusion-flex-align-self-center\" style=\"--awb-bg-size:cover;--awb-width-large:50%;--awb-margin-top-large:0px;--awb-spacing-right-large:3.84%;--awb-margin-bottom-large:20px;--awb-spacing-left-large:3.84%;--awb-width-medium:50%;--awb-order-medium:2;--awb-margin-top-medium:0px;--awb-spacing-right-medium:3.84%;--awb-margin-bottom-medium:50px;--awb-spacing-left-medium:3.84%;--awb-width-small:100%;--awb-spacing-right-small:1.92%;--awb-spacing-left-small:1.92%;\"><div class=\"fusion-column-wrapper fusion-column-has-shadow fusion-flex-justify-content-flex-start fusion-content-layout-column\"><div class=\"fusion-image-element\" style=\"text-align:center;--awb-caption-title-font-family:var(--h2_typography-font-family);--awb-caption-title-font-weight:var(--h2_typography-font-weight);--awb-caption-title-font-style:var(--h2_typography-font-style);--awb-caption-title-size:var(--h2_typography-font-size);--awb-caption-title-transform:var(--h2_typography-text-transform);--awb-caption-title-line-height:var(--h2_typography-line-height);--awb-caption-title-letter-spacing:var(--h2_typography-letter-spacing);\"><span class=\"fusion-imageframe imageframe-none imageframe-1 hover-type-none\"><img decoding=\"async\" width=\"1080\" height=\"1080\" title=\"January 24\" src=\"https:\/\/www.aohagainsttrafficking.ca\/wp-content\/uploads\/2024\/04\/About-1.png\" alt class=\"img-responsive wp-image-1601\" srcset=\"https:\/\/www.aohagainsttrafficking.ca\/wp-content\/uploads\/2024\/04\/About-1-12x12.png 12w, https:\/\/www.aohagainsttrafficking.ca\/wp-content\/uploads\/2024\/04\/About-1-66x66.png 66w, https:\/\/www.aohagainsttrafficking.ca\/wp-content\/uploads\/2024\/04\/About-1-150x150.png 150w, https:\/\/www.aohagainsttrafficking.ca\/wp-content\/uploads\/2024\/04\/About-1-200x200.png 200w, https:\/\/www.aohagainsttrafficking.ca\/wp-content\/uploads\/2024\/04\/About-1-300x300.png 300w, https:\/\/www.aohagainsttrafficking.ca\/wp-content\/uploads\/2024\/04\/About-1-400x400.png 400w, https:\/\/www.aohagainsttrafficking.ca\/wp-content\/uploads\/2024\/04\/About-1-600x600.png 600w, https:\/\/www.aohagainsttrafficking.ca\/wp-content\/uploads\/2024\/04\/About-1-768x768.png 768w, https:\/\/www.aohagainsttrafficking.ca\/wp-content\/uploads\/2024\/04\/About-1-800x800.png 800w, https:\/\/www.aohagainsttrafficking.ca\/wp-content\/uploads\/2024\/04\/About-1-1024x1024.png 1024w, https:\/\/www.aohagainsttrafficking.ca\/wp-content\/uploads\/2024\/04\/About-1.png 1080w\" sizes=\"(max-width: 1024px) 100vw, (max-width: 640px) 100vw, 600px\" \/><\/span><\/div><\/div><\/div><div class=\"fusion-layout-column fusion_builder_column fusion-builder-column-2 fusion_builder_column_1_1 1_1 fusion-flex-column\" style=\"--awb-bg-size:cover;--awb-width-large:100%;--awb-margin-top-large:0px;--awb-spacing-right-large:1.92%;--awb-margin-bottom-large:20px;--awb-spacing-left-large:1.92%;--awb-width-medium:50%;--awb-order-medium:1;--awb-spacing-right-medium:3.84%;--awb-spacing-left-medium:3.84%;--awb-width-small:100%;--awb-order-small:0;--awb-spacing-right-small:1.92%;--awb-spacing-left-small:1.92%;\"><div class=\"fusion-column-wrapper fusion-column-has-shadow fusion-flex-justify-content-flex-start fusion-content-layout-column\"><div class=\"fusion-text fusion-text-2\"><p>Depuis 2016, AOH a offert \u00e0 plus de 385 personnes survivantes et \u00e0 leurs proches un acc\u00e8s gratuit \u00e0 des services de soutien \u00e0 long terme et sensibles aux traumatismes.<\/p>\n<p>AOH a \u00e9galement organis\u00e9 de nombreux ateliers d\u2019\u00e9ducation publique et des campagnes pour sensibiliser et pr\u00e9venir la traite de personnes et l'exploitation sexuelle dans notre r\u00e9gion. La directrice g\u00e9n\u00e9rale d\u2019AOH, Cristina Scarpellini, a anim\u00e9 et dirig\u00e9 le seul documentaire sur la traite de personnes \u00e0 Sudbury, intitul\u00e9 <em>\u00abThe Reality of Human Trafficking in Sudbury<\/em>\u00bb et a travaill\u00e9 aux c\u00f4t\u00e9s d'un photographe professionnel sur un projet sp\u00e9cial pour capturer des photos repr\u00e9sentant la traite de personnes. Les photos ont \u00e9t\u00e9 utilis\u00e9es dans des campagnes de sensibilisation et sur des panneaux d'affichage num\u00e9riques.<\/p>\n<\/div><\/div><\/div><\/div><\/div><div class=\"fusion-fullwidth fullwidth-box fusion-builder-row-3 fusion-flex-container nonhundred-percent-fullwidth non-hundred-percent-height-scrolling\" style=\"--awb-border-radius-top-left:0px;--awb-border-radius-top-right:0px;--awb-border-radius-bottom-right:0px;--awb-border-radius-bottom-left:0px;--awb-padding-top:35px;--awb-padding-right:45px;--awb-padding-bottom:35px;--awb-padding-left:45px;--awb-margin-top:35px;--awb-margin-bottom:0px;--awb-background-color:rgba(237,105,103,0.8);--awb-flex-wrap:wrap;\" ><div class=\"fusion-builder-row fusion-row fusion-flex-align-items-center fusion-flex-content-wrap\" style=\"max-width:1216.8px;margin-left: calc(-4% \/ 2 );margin-right: calc(-4% \/ 2 );\"><div class=\"fusion-layout-column fusion_builder_column fusion-builder-column-3 fusion_builder_column_1_1 1_1 fusion-flex-column\" style=\"--awb-bg-size:cover;--awb-width-large:100%;--awb-margin-top-large:0px;--awb-spacing-right-large:1.92%;--awb-margin-bottom-large:20px;--awb-spacing-left-large:1.92%;--awb-width-medium:100%;--awb-order-medium:0;--awb-spacing-right-medium:1.92%;--awb-spacing-left-medium:1.92%;--awb-width-small:100%;--awb-order-small:0;--awb-spacing-right-small:1.92%;--awb-spacing-left-small:1.92%;\"><div class=\"fusion-column-wrapper fusion-column-has-shadow fusion-flex-justify-content-flex-start fusion-content-layout-column\"><div class=\"fusion-section-separator section-separator bigtriangle fusion-section-separator-1\" style=\"--awb-spacer-height:99px;--awb-svg-margin-left:1.92%;--awb-svg-margin-right:1.92%;--awb-svg-margin-left-medium:1.92%;--awb-svg-margin-right-medium:1.92%;--awb-svg-margin-left-small:1.92%;--awb-svg-margin-right-small:1.92%;--awb-divider-height:99px;--awb-spacer-padding-top:inherit;--awb-sep-padding:0;--awb-svg-padding:0;--awb-margin-top:-134px;\"><div class=\"fusion-section-separator-svg\"><svg class=\"fusion-big-triangle-candy\" xmlns=\"http:\/\/www.w3.org\/2000\/svg\" version=\"1.1\" width=\"100%\" height=\"100\" viewbox=\"0 0 100 100\" preserveaspectratio=\"none\" fill=\"rgba(237,105,103,0.8)\"><path d=\"M0 100 L50 2 L100 100 Z\"><\/path><\/svg><\/div><div class=\"fusion-section-separator-spacer\"><div class=\"fusion-section-separator-spacer-height\"><\/div><\/div><\/div><\/div><\/div><div class=\"fusion-layout-column fusion_builder_column fusion-builder-column-4 fusion_builder_column_1_1 1_1 fusion-flex-column\" style=\"--awb-bg-size:cover;--awb-width-large:100%;--awb-margin-top-large:0px;--awb-spacing-right-large:1.92%;--awb-margin-bottom-large:30px;--awb-spacing-left-large:1.92%;--awb-width-medium:100%;--awb-spacing-right-medium:1.92%;--awb-margin-bottom-medium:0px;--awb-spacing-left-medium:1.92%;--awb-width-small:100%;--awb-spacing-right-small:1.92%;--awb-margin-bottom-small:30px;--awb-spacing-left-small:1.92%;\"><div class=\"fusion-column-wrapper fusion-column-has-shadow fusion-flex-justify-content-flex-start fusion-content-layout-column\"><div class=\"fusion-text fusion-text-3\"><h2><span style=\"color: #ffffff;\"><strong>Notre organisme:<\/strong><\/span><\/h2>\n<\/div><div class=\"fusion-text fusion-text-4\"><p><span id=\"cch_f1f779621c7de6\" class=\"_mh6 _wsc\"><span class=\"_3oh- _58nk\"><span style=\"color: #ffffff;\">AOH s\u2019efforce de soutenir les survivant.es de la traite des personnes et de l'exploitation sexuelle dans leur parcours vers la gu\u00e9rison. En plus d'\u00e9tablir des objectifs avec chaque client.e, notre principale priorit\u00e9 est d'aider \u00e0 la r\u00e9int\u00e9gration dans la soci\u00e9t\u00e9 avec le moins de d\u00e9clencheurs possible et l'acc\u00e8s \u00e0 des services de soutien.<\/span><br \/>\n<\/span><\/span><\/p>\n<\/div><\/div><\/div><div class=\"fusion-layout-column fusion_builder_column fusion-builder-column-5 fusion_builder_column_1_1 1_1 fusion-flex-column\" style=\"--awb-bg-size:cover;--awb-width-large:100%;--awb-margin-top-large:0px;--awb-spacing-right-large:1.92%;--awb-margin-bottom-large:20px;--awb-spacing-left-large:1.92%;--awb-width-medium:100%;--awb-order-medium:0;--awb-margin-top-medium:20px;--awb-spacing-right-medium:1.92%;--awb-spacing-left-medium:1.92%;--awb-width-small:100%;--awb-order-small:0;--awb-spacing-right-small:1.92%;--awb-spacing-left-small:1.92%;\"><div class=\"fusion-column-wrapper fusion-column-has-shadow fusion-flex-justify-content-flex-start fusion-content-layout-column\"><div class=\"fusion-image-carousel fusion-image-carousel-auto fusion-image-carousel-1 lightbox-enabled fusion-carousel-border\"><div class=\"awb-carousel awb-swiper awb-swiper-carousel awb-carousel--carousel awb-swiper-dots-position-bottom\" data-layout=\"carousel\" data-autoplay=\"yes\" data-autoplayspeed=\"10000\" data-autoplaypause=\"no\" data-columns=\"2\" data-columnsmedium=\"1\" data-columnssmall=\"1\" data-itemmargin=\"13\" data-itemwidth=\"180\" data-touchscroll=\"no\" data-freemode=\"no\" data-imagesize=\"auto\" data-scrollitems=\"0\" data-centeredslides=\"no\" data-rotationangle=\"50\" data-depth=\"100\" data-speed=\"500\" data-shadow=\"no\" data-pagination=\"bullets\" style=\"--awb-columns:2;--awb-border-width:1px;--awb-border-color:#e9eaee;\"><div class=\"swiper-wrapper awb-image-carousel-wrapper fusion-flex-align-items-center\"><div class=\"swiper-slide\"><div class=\"fusion-carousel-item-wrapper\"><div class=\"fusion-image-wrapper hover-type-none\"><a data-rel=\"iLightbox[image_carousel_1]\" data-title=\"February 2\" aria-label=\"February 2\" href=\"https:\/\/www.aohagainsttrafficking.ca\/wp-content\/uploads\/2024\/04\/About-2.png\" target=\"_self\"><img decoding=\"async\" width=\"1080\" height=\"1080\" src=\"https:\/\/www.aohagainsttrafficking.ca\/wp-content\/uploads\/2024\/04\/About-2.png\" class=\"attachment-full size-full\" alt=\"\" srcset=\"https:\/\/www.aohagainsttrafficking.ca\/wp-content\/uploads\/2024\/04\/About-2-12x12.png 12w, https:\/\/www.aohagainsttrafficking.ca\/wp-content\/uploads\/2024\/04\/About-2-66x66.png 66w, https:\/\/www.aohagainsttrafficking.ca\/wp-content\/uploads\/2024\/04\/About-2-150x150.png 150w, https:\/\/www.aohagainsttrafficking.ca\/wp-content\/uploads\/2024\/04\/About-2-200x200.png 200w, https:\/\/www.aohagainsttrafficking.ca\/wp-content\/uploads\/2024\/04\/About-2-300x300.png 300w, https:\/\/www.aohagainsttrafficking.ca\/wp-content\/uploads\/2024\/04\/About-2-400x400.png 400w, https:\/\/www.aohagainsttrafficking.ca\/wp-content\/uploads\/2024\/04\/About-2-600x600.png 600w, https:\/\/www.aohagainsttrafficking.ca\/wp-content\/uploads\/2024\/04\/About-2-768x768.png 768w, https:\/\/www.aohagainsttrafficking.ca\/wp-content\/uploads\/2024\/04\/About-2-800x800.png 800w, https:\/\/www.aohagainsttrafficking.ca\/wp-content\/uploads\/2024\/04\/About-2-1024x1024.png 1024w, https:\/\/www.aohagainsttrafficking.ca\/wp-content\/uploads\/2024\/04\/About-2.png 1080w\" sizes=\"(min-width: 2200px) 100vw, (min-width: 800px) 579px, (min-width: 640px) 800px, \" \/><\/a><\/div><\/div><\/div><div class=\"swiper-slide\"><div class=\"fusion-carousel-item-wrapper\"><div class=\"fusion-image-wrapper hover-type-none\"><a data-rel=\"iLightbox[image_carousel_1]\" data-title=\"January 9\" aria-label=\"January 9\" href=\"https:\/\/www.aohagainsttrafficking.ca\/wp-content\/uploads\/2024\/04\/About-3.png\" target=\"_self\"><img decoding=\"async\" width=\"1080\" height=\"1080\" src=\"https:\/\/www.aohagainsttrafficking.ca\/wp-content\/uploads\/2024\/04\/About-3.png\" class=\"attachment-full size-full\" alt=\"\" srcset=\"https:\/\/www.aohagainsttrafficking.ca\/wp-content\/uploads\/2024\/04\/About-3-12x12.png 12w, https:\/\/www.aohagainsttrafficking.ca\/wp-content\/uploads\/2024\/04\/About-3-66x66.png 66w, https:\/\/www.aohagainsttrafficking.ca\/wp-content\/uploads\/2024\/04\/About-3-150x150.png 150w, https:\/\/www.aohagainsttrafficking.ca\/wp-content\/uploads\/2024\/04\/About-3-200x200.png 200w, https:\/\/www.aohagainsttrafficking.ca\/wp-content\/uploads\/2024\/04\/About-3-300x300.png 300w, https:\/\/www.aohagainsttrafficking.ca\/wp-content\/uploads\/2024\/04\/About-3-400x400.png 400w, https:\/\/www.aohagainsttrafficking.ca\/wp-content\/uploads\/2024\/04\/About-3-600x600.png 600w, https:\/\/www.aohagainsttrafficking.ca\/wp-content\/uploads\/2024\/04\/About-3-768x768.png 768w, https:\/\/www.aohagainsttrafficking.ca\/wp-content\/uploads\/2024\/04\/About-3-800x800.png 800w, https:\/\/www.aohagainsttrafficking.ca\/wp-content\/uploads\/2024\/04\/About-3-1024x1024.png 1024w, https:\/\/www.aohagainsttrafficking.ca\/wp-content\/uploads\/2024\/04\/About-3-1200x1200.png 1200w, https:\/\/www.aohagainsttrafficking.ca\/wp-content\/uploads\/2024\/04\/About-3-1536x1536.png 1536w, https:\/\/www.aohagainsttrafficking.ca\/wp-content\/uploads\/2024\/04\/About-3.png 2251w\" sizes=\"(min-width: 2200px) 100vw, (min-width: 800px) 579px, (min-width: 640px) 800px, \" \/><\/a><\/div><\/div><\/div><div class=\"swiper-slide\"><div class=\"fusion-carousel-item-wrapper\"><div class=\"fusion-image-wrapper hover-type-none\"><a data-rel=\"iLightbox[image_carousel_1]\" data-title=\"January 9 slide 2\" aria-label=\"January 9 slide 2\" href=\"https:\/\/www.aohagainsttrafficking.ca\/wp-content\/uploads\/2024\/04\/About-4.png\" target=\"_self\"><img decoding=\"async\" width=\"1080\" height=\"1080\" src=\"https:\/\/www.aohagainsttrafficking.ca\/wp-content\/uploads\/2024\/04\/About-4.png\" class=\"attachment-full size-full\" alt=\"\" srcset=\"https:\/\/www.aohagainsttrafficking.ca\/wp-content\/uploads\/2024\/04\/About-4-12x12.png 12w, https:\/\/www.aohagainsttrafficking.ca\/wp-content\/uploads\/2024\/04\/About-4-66x66.png 66w, https:\/\/www.aohagainsttrafficking.ca\/wp-content\/uploads\/2024\/04\/About-4-150x150.png 150w, https:\/\/www.aohagainsttrafficking.ca\/wp-content\/uploads\/2024\/04\/About-4-200x200.png 200w, https:\/\/www.aohagainsttrafficking.ca\/wp-content\/uploads\/2024\/04\/About-4-300x300.png 300w, https:\/\/www.aohagainsttrafficking.ca\/wp-content\/uploads\/2024\/04\/About-4-400x400.png 400w, https:\/\/www.aohagainsttrafficking.ca\/wp-content\/uploads\/2024\/04\/About-4-600x600.png 600w, https:\/\/www.aohagainsttrafficking.ca\/wp-content\/uploads\/2024\/04\/About-4-768x768.png 768w, https:\/\/www.aohagainsttrafficking.ca\/wp-content\/uploads\/2024\/04\/About-4-800x800.png 800w, https:\/\/www.aohagainsttrafficking.ca\/wp-content\/uploads\/2024\/04\/About-4-1024x1024.png 1024w, https:\/\/www.aohagainsttrafficking.ca\/wp-content\/uploads\/2024\/04\/About-4-1200x1200.png 1200w, https:\/\/www.aohagainsttrafficking.ca\/wp-content\/uploads\/2024\/04\/About-4-1536x1536.png 1536w, https:\/\/www.aohagainsttrafficking.ca\/wp-content\/uploads\/2024\/04\/About-4.png 2251w\" sizes=\"(min-width: 2200px) 100vw, (min-width: 800px) 579px, (min-width: 640px) 800px, \" \/><\/a><\/div><\/div><\/div><div class=\"swiper-slide\"><div class=\"fusion-carousel-item-wrapper\"><div class=\"fusion-image-wrapper hover-type-none\"><a data-rel=\"iLightbox[image_carousel_1]\" data-title=\"January 9 slide 3\" aria-label=\"January 9 slide 3\" href=\"https:\/\/www.aohagainsttrafficking.ca\/wp-content\/uploads\/2024\/04\/About-5.png\" target=\"_self\"><img decoding=\"async\" width=\"1080\" height=\"1080\" src=\"https:\/\/www.aohagainsttrafficking.ca\/wp-content\/uploads\/2024\/04\/About-5.png\" class=\"attachment-full size-full\" alt=\"\" srcset=\"https:\/\/www.aohagainsttrafficking.ca\/wp-content\/uploads\/2024\/04\/About-5-12x12.png 12w, https:\/\/www.aohagainsttrafficking.ca\/wp-content\/uploads\/2024\/04\/About-5-66x66.png 66w, https:\/\/www.aohagainsttrafficking.ca\/wp-content\/uploads\/2024\/04\/About-5-150x150.png 150w, https:\/\/www.aohagainsttrafficking.ca\/wp-content\/uploads\/2024\/04\/About-5-200x200.png 200w, https:\/\/www.aohagainsttrafficking.ca\/wp-content\/uploads\/2024\/04\/About-5-300x300.png 300w, https:\/\/www.aohagainsttrafficking.ca\/wp-content\/uploads\/2024\/04\/About-5-400x400.png 400w, https:\/\/www.aohagainsttrafficking.ca\/wp-content\/uploads\/2024\/04\/About-5-600x600.png 600w, https:\/\/www.aohagainsttrafficking.ca\/wp-content\/uploads\/2024\/04\/About-5-768x768.png 768w, https:\/\/www.aohagainsttrafficking.ca\/wp-content\/uploads\/2024\/04\/About-5-800x800.png 800w, https:\/\/www.aohagainsttrafficking.ca\/wp-content\/uploads\/2024\/04\/About-5-1024x1024.png 1024w, https:\/\/www.aohagainsttrafficking.ca\/wp-content\/uploads\/2024\/04\/About-5-1200x1200.png 1200w, https:\/\/www.aohagainsttrafficking.ca\/wp-content\/uploads\/2024\/04\/About-5-1536x1536.png 1536w, https:\/\/www.aohagainsttrafficking.ca\/wp-content\/uploads\/2024\/04\/About-5.png 2251w\" sizes=\"(min-width: 2200px) 100vw, (min-width: 800px) 579px, (min-width: 640px) 800px, \" \/><\/a><\/div><\/div><\/div><div class=\"swiper-slide\"><div class=\"fusion-carousel-item-wrapper\"><div class=\"fusion-image-wrapper hover-type-none\"><a data-rel=\"iLightbox[image_carousel_1]\" data-title=\"January 9 slide 4\" aria-label=\"January 9 slide 4\" href=\"https:\/\/www.aohagainsttrafficking.ca\/wp-content\/uploads\/2024\/04\/About-6.png\" target=\"_self\"><img decoding=\"async\" width=\"1080\" height=\"1080\" src=\"https:\/\/www.aohagainsttrafficking.ca\/wp-content\/uploads\/2024\/04\/About-6.png\" class=\"attachment-full size-full\" alt=\"\" srcset=\"https:\/\/www.aohagainsttrafficking.ca\/wp-content\/uploads\/2024\/04\/About-6-12x12.png 12w, https:\/\/www.aohagainsttrafficking.ca\/wp-content\/uploads\/2024\/04\/About-6-66x66.png 66w, https:\/\/www.aohagainsttrafficking.ca\/wp-content\/uploads\/2024\/04\/About-6-150x150.png 150w, https:\/\/www.aohagainsttrafficking.ca\/wp-content\/uploads\/2024\/04\/About-6-200x200.png 200w, https:\/\/www.aohagainsttrafficking.ca\/wp-content\/uploads\/2024\/04\/About-6-300x300.png 300w, https:\/\/www.aohagainsttrafficking.ca\/wp-content\/uploads\/2024\/04\/About-6-400x400.png 400w, https:\/\/www.aohagainsttrafficking.ca\/wp-content\/uploads\/2024\/04\/About-6-600x600.png 600w, https:\/\/www.aohagainsttrafficking.ca\/wp-content\/uploads\/2024\/04\/About-6-768x768.png 768w, https:\/\/www.aohagainsttrafficking.ca\/wp-content\/uploads\/2024\/04\/About-6-800x800.png 800w, https:\/\/www.aohagainsttrafficking.ca\/wp-content\/uploads\/2024\/04\/About-6-1024x1024.png 1024w, https:\/\/www.aohagainsttrafficking.ca\/wp-content\/uploads\/2024\/04\/About-6-1200x1200.png 1200w, https:\/\/www.aohagainsttrafficking.ca\/wp-content\/uploads\/2024\/04\/About-6-1536x1536.png 1536w, https:\/\/www.aohagainsttrafficking.ca\/wp-content\/uploads\/2024\/04\/About-6.png 2251w\" sizes=\"(min-width: 2200px) 100vw, (min-width: 800px) 579px, (min-width: 640px) 800px, \" \/><\/a><\/div><\/div><\/div><div class=\"swiper-slide\"><div class=\"fusion-carousel-item-wrapper\"><div class=\"fusion-image-wrapper hover-type-none\"><a data-rel=\"iLightbox[image_carousel_1]\" data-title=\"January 9 slide 5\" aria-label=\"January 9 slide 5\" href=\"https:\/\/www.aohagainsttrafficking.ca\/wp-content\/uploads\/2024\/04\/About-7.png\" target=\"_self\"><img decoding=\"async\" width=\"1080\" height=\"1080\" src=\"https:\/\/www.aohagainsttrafficking.ca\/wp-content\/uploads\/2024\/04\/About-7.png\" class=\"attachment-full size-full\" alt=\"\" srcset=\"https:\/\/www.aohagainsttrafficking.ca\/wp-content\/uploads\/2024\/04\/About-7-12x12.png 12w, https:\/\/www.aohagainsttrafficking.ca\/wp-content\/uploads\/2024\/04\/About-7-66x66.png 66w, https:\/\/www.aohagainsttrafficking.ca\/wp-content\/uploads\/2024\/04\/About-7-150x150.png 150w, https:\/\/www.aohagainsttrafficking.ca\/wp-content\/uploads\/2024\/04\/About-7-200x200.png 200w, https:\/\/www.aohagainsttrafficking.ca\/wp-content\/uploads\/2024\/04\/About-7-300x300.png 300w, https:\/\/www.aohagainsttrafficking.ca\/wp-content\/uploads\/2024\/04\/About-7-400x400.png 400w, https:\/\/www.aohagainsttrafficking.ca\/wp-content\/uploads\/2024\/04\/About-7-600x600.png 600w, https:\/\/www.aohagainsttrafficking.ca\/wp-content\/uploads\/2024\/04\/About-7-768x768.png 768w, https:\/\/www.aohagainsttrafficking.ca\/wp-content\/uploads\/2024\/04\/About-7-800x800.png 800w, https:\/\/www.aohagainsttrafficking.ca\/wp-content\/uploads\/2024\/04\/About-7-1024x1024.png 1024w, https:\/\/www.aohagainsttrafficking.ca\/wp-content\/uploads\/2024\/04\/About-7-1200x1200.png 1200w, https:\/\/www.aohagainsttrafficking.ca\/wp-content\/uploads\/2024\/04\/About-7-1536x1536.png 1536w, https:\/\/www.aohagainsttrafficking.ca\/wp-content\/uploads\/2024\/04\/About-7.png 2251w\" sizes=\"(min-width: 2200px) 100vw, (min-width: 800px) 579px, (min-width: 640px) 800px, \" \/><\/a><\/div><\/div><\/div><\/div><div class=\"awb-swiper-button awb-swiper-button-prev\"><i class=\"awb-icon-angle-left\" aria-hidden=\"true\"><\/i><\/div><div class=\"awb-swiper-button awb-swiper-button-next\"><i class=\"awb-icon-angle-right\" aria-hidden=\"true\"><\/i><\/div><\/div><\/div><\/div><\/div><\/div><\/div><\/p>","protected":false},"excerpt":{"rendered":"","protected":false},"author":1,"featured_media":0,"parent":0,"menu_order":0,"comment_status":"closed","ping_status":"closed","template":"100-width.php","meta":{"_monsterinsights_skip_tracking":false,"_monsterinsights_sitenote_active":false,"_monsterinsights_sitenote_note":"","_monsterinsights_sitenote_category":0,"footnotes":""},"class_list":["post-1010","page","type-page","status-publish","hentry"],"aioseo_notices":[],"_links":{"self":[{"href":"https:\/\/www.aohagainsttrafficking.ca\/fr\/wp-json\/wp\/v2\/pages\/1010","targetHints":{"allow":["GET"]}}],"collection":[{"href":"https:\/\/www.aohagainsttrafficking.ca\/fr\/wp-json\/wp\/v2\/pages"}],"about":[{"href":"https:\/\/www.aohagainsttrafficking.ca\/fr\/wp-json\/wp\/v2\/types\/page"}],"author":[{"embeddable":true,"href":"https:\/\/www.aohagainsttrafficking.ca\/fr\/wp-json\/wp\/v2\/users\/1"}],"replies":[{"embeddable":true,"href":"https:\/\/www.aohagainsttrafficking.ca\/fr\/wp-json\/wp\/v2\/comments?post=1010"}],"version-history":[{"count":7,"href":"https:\/\/www.aohagainsttrafficking.ca\/fr\/wp-json\/wp\/v2\/pages\/1010\/revisions"}],"predecessor-version":[{"id":2058,"href":"https:\/\/www.aohagainsttrafficking.ca\/fr\/wp-json\/wp\/v2\/pages\/1010\/revisions\/2058"}],"wp:attachment":[{"href":"https:\/\/www.aohagainsttrafficking.ca\/fr\/wp-json\/wp\/v2\/media?parent=1010"}],"curies":[{"name":"wp","href":"https:\/\/api.w.org\/{rel}","templated":true}]}}